{"id":63002,"date":"2026-04-06T20:44:12","date_gmt":"2026-04-06T20:44:12","guid":{"rendered":"https:\/\/javdistribution.ca\/product\/monster-boisson-energetique-extra-force-bouteille-verre-japon-150-ml-24-unites-caisse\/"},"modified":"2026-04-07T12:54:20","modified_gmt":"2026-04-07T12:54:20","slug":"monster-boisson-energetique-extra-force-bouteille-verre-japon-150-ml-24-unites-caisse","status":"publish","type":"product","link":"https:\/\/javdistribution.ca\/fr\/produit\/monster-boisson-energetique-extra-force-bouteille-verre-japon-150-ml-24-unites-caisse\/","title":{"rendered":"Monster Boisson \u00c9nerg\u00e9tique Extra Force Bouteille Verre Japon 150 ml (24 unit\u00e9s\/caisse)"},"content":{"rendered":"","protected":false},"excerpt":{"rendered":"","protected":false},"featured_media":63003,"template":"","meta":{"_acf_changed":false,"om_disable_all_campaigns":false,"_monsterinsights_skip_tracking":false,"_monsterinsights_sitenote_active":false,"_monsterinsights_sitenote_note":"","_monsterinsights_sitenote_category":0},"product_brand":[410],"product_cat":[456],"product_tag":[],"class_list":{"0":"post-63002","1":"product","2":"type-product","3":"status-publish","4":"has-post-thumbnail","6":"product_brand-monster","7":"product_cat-boissons-energisantes","9":"first","10":"outofstock","11":"taxable","12":"shipping-taxable","13":"product-type-simple"},"acf":[],"aioseo_notices":[],"_links":{"self":[{"href":"https:\/\/javdistribution.ca\/fr\/wp-json\/wp\/v2\/product\/63002","targetHints":{"allow":["GET"]}}],"collection":[{"href":"https:\/\/javdistribution.ca\/fr\/wp-json\/wp\/v2\/product"}],"about":[{"href":"https:\/\/javdistribution.ca\/fr\/wp-json\/wp\/v2\/types\/product"}],"wp:featuredmedia":[{"embeddable":true,"href":"https:\/\/javdistribution.ca\/fr\/wp-json\/wp\/v2\/media\/63003"}],"wp:attachment":[{"href":"https:\/\/javdistribution.ca\/fr\/wp-json\/wp\/v2\/media?parent=63002"}],"wp:term":[{"taxonomy":"product_brand","embeddable":true,"href":"https:\/\/javdistribution.ca\/fr\/wp-json\/wp\/v2\/product_brand?post=63002"},{"taxonomy":"product_cat","embeddable":true,"href":"https:\/\/javdistribution.ca\/fr\/wp-json\/wp\/v2\/product_cat?post=63002"},{"taxonomy":"product_tag","embeddable":true,"href":"https:\/\/javdistribution.ca\/fr\/wp-json\/wp\/v2\/product_tag?post=63002"}],"curies":[{"name":"wp","href":"https:\/\/api.w.org\/{rel}","templated":true}]}}