{"id":62768,"date":"2026-04-06T20:40:44","date_gmt":"2026-04-06T20:40:44","guid":{"rendered":"https:\/\/javdistribution.ca\/product\/toxic-waste-boisson-energetique-pomme-acidulee-16-oz-24-canettes-caisse\/"},"modified":"2026-04-07T12:52:07","modified_gmt":"2026-04-07T12:52:07","slug":"toxic-waste-boisson-energetique-pomme-acidulee-16-oz-24-canettes-caisse","status":"publish","type":"product","link":"https:\/\/javdistribution.ca\/fr\/produit\/toxic-waste-boisson-energetique-pomme-acidulee-16-oz-24-canettes-caisse\/","title":{"rendered":"Toxic Waste Boisson \u00c9nerg\u00e9tique Pomme Acidul\u00e9e 16 oz (24 canettes\/caisse)"},"content":{"rendered":"","protected":false},"excerpt":{"rendered":"","protected":false},"featured_media":62769,"template":"","meta":{"_acf_changed":false,"om_disable_all_campaigns":false,"_monsterinsights_skip_tracking":false,"_monsterinsights_sitenote_active":false,"_monsterinsights_sitenote_note":"","_monsterinsights_sitenote_category":0},"product_brand":[449],"product_cat":[456],"product_tag":[],"class_list":{"0":"post-62768","1":"product","2":"type-product","3":"status-publish","4":"has-post-thumbnail","6":"product_brand-toxic-waste","7":"product_cat-boissons-energisantes","9":"first","10":"outofstock","11":"taxable","12":"shipping-taxable","13":"product-type-simple"},"acf":[],"aioseo_notices":[],"_links":{"self":[{"href":"https:\/\/javdistribution.ca\/fr\/wp-json\/wp\/v2\/product\/62768","targetHints":{"allow":["GET"]}}],"collection":[{"href":"https:\/\/javdistribution.ca\/fr\/wp-json\/wp\/v2\/product"}],"about":[{"href":"https:\/\/javdistribution.ca\/fr\/wp-json\/wp\/v2\/types\/product"}],"wp:featuredmedia":[{"embeddable":true,"href":"https:\/\/javdistribution.ca\/fr\/wp-json\/wp\/v2\/media\/62769"}],"wp:attachment":[{"href":"https:\/\/javdistribution.ca\/fr\/wp-json\/wp\/v2\/media?parent=62768"}],"wp:term":[{"taxonomy":"product_brand","embeddable":true,"href":"https:\/\/javdistribution.ca\/fr\/wp-json\/wp\/v2\/product_brand?post=62768"},{"taxonomy":"product_cat","embeddable":true,"href":"https:\/\/javdistribution.ca\/fr\/wp-json\/wp\/v2\/product_cat?post=62768"},{"taxonomy":"product_tag","embeddable":true,"href":"https:\/\/javdistribution.ca\/fr\/wp-json\/wp\/v2\/product_tag?post=62768"}],"curies":[{"name":"wp","href":"https:\/\/api.w.org\/{rel}","templated":true}]}}