{"id":62656,"date":"2026-04-06T20:40:01","date_gmt":"2026-04-06T20:40:01","guid":{"rendered":"https:\/\/javdistribution.ca\/product\/bergen-obsession-cookies-a-la-creme-de-pistache-en-glacage-blanc-128g-18-boites-caisse\/"},"modified":"2026-04-07T12:50:37","modified_gmt":"2026-04-07T12:50:37","slug":"bergen-obsession-cookies-a-la-creme-de-pistache-en-glacage-blanc-128g-18-boites-caisse","status":"publish","type":"product","link":"https:\/\/javdistribution.ca\/fr\/produit\/bergen-obsession-cookies-a-la-creme-de-pistache-en-glacage-blanc-128g-18-boites-caisse\/","title":{"rendered":"Bergen Obsession Cookies \u00e0 la Cr\u00e8me de Pistache en Gla\u00e7age Blanc 128g (18 bo\u00eetes\/caisse)"},"content":{"rendered":"","protected":false},"excerpt":{"rendered":"","protected":false},"featured_media":62657,"template":"","meta":{"_acf_changed":false,"om_disable_all_campaigns":false,"_monsterinsights_skip_tracking":false,"_monsterinsights_sitenote_active":false,"_monsterinsights_sitenote_note":"","_monsterinsights_sitenote_category":0},"product_brand":[513],"product_cat":[749],"product_tag":[],"class_list":{"0":"post-62656","1":"product","2":"type-product","3":"status-publish","4":"has-post-thumbnail","6":"product_brand-bergen","7":"product_cat-chocolat-et-biscuits","9":"first","10":"outofstock","11":"taxable","12":"shipping-taxable","13":"product-type-simple"},"acf":[],"aioseo_notices":[],"_links":{"self":[{"href":"https:\/\/javdistribution.ca\/fr\/wp-json\/wp\/v2\/product\/62656","targetHints":{"allow":["GET"]}}],"collection":[{"href":"https:\/\/javdistribution.ca\/fr\/wp-json\/wp\/v2\/product"}],"about":[{"href":"https:\/\/javdistribution.ca\/fr\/wp-json\/wp\/v2\/types\/product"}],"wp:featuredmedia":[{"embeddable":true,"href":"https:\/\/javdistribution.ca\/fr\/wp-json\/wp\/v2\/media\/62657"}],"wp:attachment":[{"href":"https:\/\/javdistribution.ca\/fr\/wp-json\/wp\/v2\/media?parent=62656"}],"wp:term":[{"taxonomy":"product_brand","embeddable":true,"href":"https:\/\/javdistribution.ca\/fr\/wp-json\/wp\/v2\/product_brand?post=62656"},{"taxonomy":"product_cat","embeddable":true,"href":"https:\/\/javdistribution.ca\/fr\/wp-json\/wp\/v2\/product_cat?post=62656"},{"taxonomy":"product_tag","embeddable":true,"href":"https:\/\/javdistribution.ca\/fr\/wp-json\/wp\/v2\/product_tag?post=62656"}],"curies":[{"name":"wp","href":"https:\/\/api.w.org\/{rel}","templated":true}]}}