{"id":62312,"date":"2026-04-06T20:32:18","date_gmt":"2026-04-06T20:32:18","guid":{"rendered":"https:\/\/javdistribution.ca\/product\/les-melanges-arachides-cornichons-a-laneth-175g-12-sachets-boite\/"},"modified":"2026-04-07T12:47:07","modified_gmt":"2026-04-07T12:47:07","slug":"les-melanges-arachides-cornichons-a-laneth-175g-12-sachets-boite","status":"publish","type":"product","link":"https:\/\/javdistribution.ca\/fr\/produit\/les-melanges-arachides-cornichons-a-laneth-175g-12-sachets-boite\/","title":{"rendered":"Les M\u00e9lang\u00e9s Arachides Cornichons \u00e0 l&rsquo;Aneth 175g (12 sachets\/bo\u00eete)"},"content":{"rendered":"","protected":false},"excerpt":{"rendered":"","protected":false},"featured_media":62313,"template":"","meta":{"_acf_changed":false,"om_disable_all_campaigns":false,"_monsterinsights_skip_tracking":false,"_monsterinsights_sitenote_active":false,"_monsterinsights_sitenote_note":"","_monsterinsights_sitenote_category":0},"product_brand":[459],"product_cat":[446],"product_tag":[],"class_list":{"0":"post-62312","1":"product","2":"type-product","3":"status-publish","4":"has-post-thumbnail","6":"product_brand-les-melanges","7":"product_cat-collations-fr","9":"first","10":"instock","11":"taxable","12":"shipping-taxable","13":"product-type-simple"},"acf":[],"aioseo_notices":[],"_links":{"self":[{"href":"https:\/\/javdistribution.ca\/fr\/wp-json\/wp\/v2\/product\/62312","targetHints":{"allow":["GET"]}}],"collection":[{"href":"https:\/\/javdistribution.ca\/fr\/wp-json\/wp\/v2\/product"}],"about":[{"href":"https:\/\/javdistribution.ca\/fr\/wp-json\/wp\/v2\/types\/product"}],"wp:featuredmedia":[{"embeddable":true,"href":"https:\/\/javdistribution.ca\/fr\/wp-json\/wp\/v2\/media\/62313"}],"wp:attachment":[{"href":"https:\/\/javdistribution.ca\/fr\/wp-json\/wp\/v2\/media?parent=62312"}],"wp:term":[{"taxonomy":"product_brand","embeddable":true,"href":"https:\/\/javdistribution.ca\/fr\/wp-json\/wp\/v2\/product_brand?post=62312"},{"taxonomy":"product_cat","embeddable":true,"href":"https:\/\/javdistribution.ca\/fr\/wp-json\/wp\/v2\/product_cat?post=62312"},{"taxonomy":"product_tag","embeddable":true,"href":"https:\/\/javdistribution.ca\/fr\/wp-json\/wp\/v2\/product_tag?post=62312"}],"curies":[{"name":"wp","href":"https:\/\/api.w.org\/{rel}","templated":true}]}}