{"id":61907,"date":"2026-04-06T20:25:59","date_gmt":"2026-04-06T20:25:59","guid":{"rendered":"https:\/\/javdistribution.ca\/product\/buenos-dias-creme-de-pistache-avec-batonnets-croustillants-55-g-24-unites-boite\/"},"modified":"2026-04-07T12:44:23","modified_gmt":"2026-04-07T12:44:23","slug":"buenos-dias-creme-de-pistache-avec-batonnets-croustillants-55-g-24-unites-boite","status":"publish","type":"product","link":"https:\/\/javdistribution.ca\/fr\/produit\/buenos-dias-creme-de-pistache-avec-batonnets-croustillants-55-g-24-unites-boite\/","title":{"rendered":"Buenos Dias Cr\u00e8me de pistache avec b\u00e2tonnets croustillants 55 g (24 unit\u00e9s\/bo\u00eete)"},"content":{"rendered":"","protected":false},"excerpt":{"rendered":"","protected":false},"featured_media":61908,"template":"","meta":{"_acf_changed":false,"om_disable_all_campaigns":false,"_monsterinsights_skip_tracking":false,"_monsterinsights_sitenote_active":false,"_monsterinsights_sitenote_note":"","_monsterinsights_sitenote_category":0},"product_brand":[674],"product_cat":[749],"product_tag":[],"class_list":{"0":"post-61907","1":"product","2":"type-product","3":"status-publish","4":"has-post-thumbnail","6":"product_brand-buenos-dias","7":"product_cat-chocolat-et-biscuits","9":"first","10":"outofstock","11":"taxable","12":"shipping-taxable","13":"product-type-simple"},"acf":[],"aioseo_notices":[],"_links":{"self":[{"href":"https:\/\/javdistribution.ca\/fr\/wp-json\/wp\/v2\/product\/61907","targetHints":{"allow":["GET"]}}],"collection":[{"href":"https:\/\/javdistribution.ca\/fr\/wp-json\/wp\/v2\/product"}],"about":[{"href":"https:\/\/javdistribution.ca\/fr\/wp-json\/wp\/v2\/types\/product"}],"wp:featuredmedia":[{"embeddable":true,"href":"https:\/\/javdistribution.ca\/fr\/wp-json\/wp\/v2\/media\/61908"}],"wp:attachment":[{"href":"https:\/\/javdistribution.ca\/fr\/wp-json\/wp\/v2\/media?parent=61907"}],"wp:term":[{"taxonomy":"product_brand","embeddable":true,"href":"https:\/\/javdistribution.ca\/fr\/wp-json\/wp\/v2\/product_brand?post=61907"},{"taxonomy":"product_cat","embeddable":true,"href":"https:\/\/javdistribution.ca\/fr\/wp-json\/wp\/v2\/product_cat?post=61907"},{"taxonomy":"product_tag","embeddable":true,"href":"https:\/\/javdistribution.ca\/fr\/wp-json\/wp\/v2\/product_tag?post=61907"}],"curies":[{"name":"wp","href":"https:\/\/api.w.org\/{rel}","templated":true}]}}