{"id":61690,"date":"2026-04-06T20:20:31","date_gmt":"2026-04-06T20:20:31","guid":{"rendered":"https:\/\/javdistribution.ca\/product\/warheads-bonbons-gelifies-cubes-a-macher-framboise-bleue-boite-cinema-85-g-12-boites-caisse\/"},"modified":"2026-04-07T12:42:26","modified_gmt":"2026-04-07T12:42:26","slug":"warheads-bonbons-gelifies-cubes-a-macher-framboise-bleue-boite-cinema-85-g-12-boites-caisse","status":"publish","type":"product","link":"https:\/\/javdistribution.ca\/fr\/produit\/warheads-bonbons-gelifies-cubes-a-macher-framboise-bleue-boite-cinema-85-g-12-boites-caisse\/","title":{"rendered":"WARHEADS Bonbons g\u00e9lifi\u00e9s cubes \u00e0 m\u00e2cher framboise bleue \u2013 Bo\u00eete cin\u00e9ma 85 g (12 bo\u00eetes\/caisse)"},"content":{"rendered":"","protected":false},"excerpt":{"rendered":"","protected":false},"featured_media":61691,"template":"","meta":{"_acf_changed":false,"om_disable_all_campaigns":false,"_monsterinsights_skip_tracking":false,"_monsterinsights_sitenote_active":false,"_monsterinsights_sitenote_note":"","_monsterinsights_sitenote_category":0},"product_brand":[453],"product_cat":[402],"product_tag":[],"class_list":{"0":"post-61690","1":"product","2":"type-product","3":"status-publish","4":"has-post-thumbnail","6":"product_brand-warheads","7":"product_cat-bonbons","9":"first","10":"outofstock","11":"taxable","12":"shipping-taxable","13":"product-type-simple"},"acf":[],"aioseo_notices":[],"_links":{"self":[{"href":"https:\/\/javdistribution.ca\/fr\/wp-json\/wp\/v2\/product\/61690","targetHints":{"allow":["GET"]}}],"collection":[{"href":"https:\/\/javdistribution.ca\/fr\/wp-json\/wp\/v2\/product"}],"about":[{"href":"https:\/\/javdistribution.ca\/fr\/wp-json\/wp\/v2\/types\/product"}],"wp:featuredmedia":[{"embeddable":true,"href":"https:\/\/javdistribution.ca\/fr\/wp-json\/wp\/v2\/media\/61691"}],"wp:attachment":[{"href":"https:\/\/javdistribution.ca\/fr\/wp-json\/wp\/v2\/media?parent=61690"}],"wp:term":[{"taxonomy":"product_brand","embeddable":true,"href":"https:\/\/javdistribution.ca\/fr\/wp-json\/wp\/v2\/product_brand?post=61690"},{"taxonomy":"product_cat","embeddable":true,"href":"https:\/\/javdistribution.ca\/fr\/wp-json\/wp\/v2\/product_cat?post=61690"},{"taxonomy":"product_tag","embeddable":true,"href":"https:\/\/javdistribution.ca\/fr\/wp-json\/wp\/v2\/product_tag?post=61690"}],"curies":[{"name":"wp","href":"https:\/\/api.w.org\/{rel}","templated":true}]}}