{"id":61652,"date":"2026-04-06T20:19:58","date_gmt":"2026-04-06T20:19:58","guid":{"rendered":"https:\/\/javdistribution.ca\/product\/paldo-volcano-carbonara-king-bowl-nouilles-instantanees-epicees-105-g-16-bols-caisse\/"},"modified":"2026-04-07T12:42:17","modified_gmt":"2026-04-07T12:42:17","slug":"paldo-volcano-carbonara-king-bowl-nouilles-instantanees-epicees-105-g-16-bols-caisse","status":"publish","type":"product","link":"https:\/\/javdistribution.ca\/fr\/produit\/paldo-volcano-carbonara-king-bowl-nouilles-instantanees-epicees-105-g-16-bols-caisse\/","title":{"rendered":"Paldo Volcano Carbonara King Bowl \u2013 Nouilles instantan\u00e9es \u00e9pic\u00e9es 105 g (16 bols\/caisse)"},"content":{"rendered":"","protected":false},"excerpt":{"rendered":"","protected":false},"featured_media":61653,"template":"","meta":{"_acf_changed":false,"om_disable_all_campaigns":false,"_monsterinsights_skip_tracking":false,"_monsterinsights_sitenote_active":false,"_monsterinsights_sitenote_note":"","_monsterinsights_sitenote_category":0},"product_brand":[475],"product_cat":[402],"product_tag":[],"class_list":{"0":"post-61652","1":"product","2":"type-product","3":"status-publish","4":"has-post-thumbnail","6":"product_brand-paldo","7":"product_cat-bonbons","9":"first","10":"outofstock","11":"product-type-simple"},"acf":[],"aioseo_notices":[],"_links":{"self":[{"href":"https:\/\/javdistribution.ca\/fr\/wp-json\/wp\/v2\/product\/61652","targetHints":{"allow":["GET"]}}],"collection":[{"href":"https:\/\/javdistribution.ca\/fr\/wp-json\/wp\/v2\/product"}],"about":[{"href":"https:\/\/javdistribution.ca\/fr\/wp-json\/wp\/v2\/types\/product"}],"wp:featuredmedia":[{"embeddable":true,"href":"https:\/\/javdistribution.ca\/fr\/wp-json\/wp\/v2\/media\/61653"}],"wp:attachment":[{"href":"https:\/\/javdistribution.ca\/fr\/wp-json\/wp\/v2\/media?parent=61652"}],"wp:term":[{"taxonomy":"product_brand","embeddable":true,"href":"https:\/\/javdistribution.ca\/fr\/wp-json\/wp\/v2\/product_brand?post=61652"},{"taxonomy":"product_cat","embeddable":true,"href":"https:\/\/javdistribution.ca\/fr\/wp-json\/wp\/v2\/product_cat?post=61652"},{"taxonomy":"product_tag","embeddable":true,"href":"https:\/\/javdistribution.ca\/fr\/wp-json\/wp\/v2\/product_tag?post=61652"}],"curies":[{"name":"wp","href":"https:\/\/api.w.org\/{rel}","templated":true}]}}