{"id":61617,"date":"2026-04-06T20:18:46","date_gmt":"2026-04-06T20:18:46","guid":{"rendered":"https:\/\/javdistribution.ca\/product\/nerds-juiced-gummy-clusters-bonbons-gelifies-fruites-57-g-12-boites-carton\/"},"modified":"2026-04-07T12:42:07","modified_gmt":"2026-04-07T12:42:07","slug":"nerds-juiced-gummy-clusters-bonbons-gelifies-fruites-57-g-12-boites-carton","status":"publish","type":"product","link":"https:\/\/javdistribution.ca\/fr\/produit\/nerds-juiced-gummy-clusters-bonbons-gelifies-fruites-57-g-12-boites-carton\/","title":{"rendered":"Nerds Juiced Gummy Clusters Bonbons g\u00e9lifi\u00e9s fruit\u00e9s 57 g (12 bo\u00eetes\/carton)"},"content":{"rendered":"","protected":false},"excerpt":{"rendered":"","protected":false},"featured_media":61618,"template":"","meta":{"_acf_changed":false,"om_disable_all_campaigns":false,"_monsterinsights_skip_tracking":false,"_monsterinsights_sitenote_active":false,"_monsterinsights_sitenote_note":"","_monsterinsights_sitenote_category":0},"product_brand":[547],"product_cat":[402],"product_tag":[],"class_list":{"0":"post-61617","1":"product","2":"type-product","3":"status-publish","4":"has-post-thumbnail","6":"product_brand-nerds","7":"product_cat-bonbons","9":"first","10":"instock","11":"taxable","12":"shipping-taxable","13":"product-type-simple"},"acf":[],"aioseo_notices":[],"_links":{"self":[{"href":"https:\/\/javdistribution.ca\/fr\/wp-json\/wp\/v2\/product\/61617","targetHints":{"allow":["GET"]}}],"collection":[{"href":"https:\/\/javdistribution.ca\/fr\/wp-json\/wp\/v2\/product"}],"about":[{"href":"https:\/\/javdistribution.ca\/fr\/wp-json\/wp\/v2\/types\/product"}],"wp:featuredmedia":[{"embeddable":true,"href":"https:\/\/javdistribution.ca\/fr\/wp-json\/wp\/v2\/media\/61618"}],"wp:attachment":[{"href":"https:\/\/javdistribution.ca\/fr\/wp-json\/wp\/v2\/media?parent=61617"}],"wp:term":[{"taxonomy":"product_brand","embeddable":true,"href":"https:\/\/javdistribution.ca\/fr\/wp-json\/wp\/v2\/product_brand?post=61617"},{"taxonomy":"product_cat","embeddable":true,"href":"https:\/\/javdistribution.ca\/fr\/wp-json\/wp\/v2\/product_cat?post=61617"},{"taxonomy":"product_tag","embeddable":true,"href":"https:\/\/javdistribution.ca\/fr\/wp-json\/wp\/v2\/product_tag?post=61617"}],"curies":[{"name":"wp","href":"https:\/\/api.w.org\/{rel}","templated":true}]}}