{"id":61417,"date":"2026-04-06T20:10:41","date_gmt":"2026-04-06T20:10:41","guid":{"rendered":"https:\/\/javdistribution.ca\/product\/spongebob-squarepants-gomme-krabby-patties-boite-theatre-72-g-12-boites-boite\/"},"modified":"2026-04-07T12:39:59","modified_gmt":"2026-04-07T12:39:59","slug":"spongebob-squarepants-gomme-krabby-patties-boite-theatre-72-g-12-boites-boite","status":"publish","type":"product","link":"https:\/\/javdistribution.ca\/fr\/produit\/spongebob-squarepants-gomme-krabby-patties-boite-theatre-72-g-12-boites-boite\/","title":{"rendered":"SpongeBob Squarepants Gomme Krabby Patties Bo\u00eete Th\u00e9\u00e2tre 72 g (12 bo\u00eetes\/bo\u00eete)"},"content":{"rendered":"","protected":false},"excerpt":{"rendered":"","protected":false},"featured_media":61418,"template":"","meta":{"_acf_changed":false,"om_disable_all_campaigns":false,"_monsterinsights_skip_tracking":false,"_monsterinsights_sitenote_active":false,"_monsterinsights_sitenote_note":"","_monsterinsights_sitenote_category":0},"product_brand":[528],"product_cat":[402],"product_tag":[],"class_list":{"0":"post-61417","1":"product","2":"type-product","3":"status-publish","4":"has-post-thumbnail","6":"product_brand-frankford","7":"product_cat-bonbons","9":"first","10":"outofstock","11":"taxable","12":"shipping-taxable","13":"product-type-simple"},"acf":[],"aioseo_notices":[],"_links":{"self":[{"href":"https:\/\/javdistribution.ca\/fr\/wp-json\/wp\/v2\/product\/61417","targetHints":{"allow":["GET"]}}],"collection":[{"href":"https:\/\/javdistribution.ca\/fr\/wp-json\/wp\/v2\/product"}],"about":[{"href":"https:\/\/javdistribution.ca\/fr\/wp-json\/wp\/v2\/types\/product"}],"wp:featuredmedia":[{"embeddable":true,"href":"https:\/\/javdistribution.ca\/fr\/wp-json\/wp\/v2\/media\/61418"}],"wp:attachment":[{"href":"https:\/\/javdistribution.ca\/fr\/wp-json\/wp\/v2\/media?parent=61417"}],"wp:term":[{"taxonomy":"product_brand","embeddable":true,"href":"https:\/\/javdistribution.ca\/fr\/wp-json\/wp\/v2\/product_brand?post=61417"},{"taxonomy":"product_cat","embeddable":true,"href":"https:\/\/javdistribution.ca\/fr\/wp-json\/wp\/v2\/product_cat?post=61417"},{"taxonomy":"product_tag","embeddable":true,"href":"https:\/\/javdistribution.ca\/fr\/wp-json\/wp\/v2\/product_tag?post=61417"}],"curies":[{"name":"wp","href":"https:\/\/api.w.org\/{rel}","templated":true}]}}