{"id":61386,"date":"2026-04-06T20:09:59","date_gmt":"2026-04-06T20:09:59","guid":{"rendered":"https:\/\/javdistribution.ca\/product\/warheads-cubes-galactiques-boite-theatre-99-g-12-boites-boite\/"},"modified":"2026-04-07T12:38:51","modified_gmt":"2026-04-07T12:38:51","slug":"warheads-cubes-galactiques-boite-theatre-99-g-12-boites-boite","status":"publish","type":"product","link":"https:\/\/javdistribution.ca\/fr\/produit\/warheads-cubes-galactiques-boite-theatre-99-g-12-boites-boite\/","title":{"rendered":"Warheads Cubes Galactiques Bo\u00eete Th\u00e9\u00e2tre 99 g (12 bo\u00eetes\/bo\u00eete)"},"content":{"rendered":"","protected":false},"excerpt":{"rendered":"","protected":false},"featured_media":61387,"template":"","meta":{"_acf_changed":false,"om_disable_all_campaigns":false,"_monsterinsights_skip_tracking":false,"_monsterinsights_sitenote_active":false,"_monsterinsights_sitenote_note":"","_monsterinsights_sitenote_category":0},"product_brand":[453],"product_cat":[402],"product_tag":[],"class_list":{"0":"post-61386","1":"product","2":"type-product","3":"status-publish","4":"has-post-thumbnail","6":"product_brand-warheads","7":"product_cat-bonbons","9":"first","10":"outofstock","11":"taxable","12":"shipping-taxable","13":"product-type-simple"},"acf":[],"aioseo_notices":[],"_links":{"self":[{"href":"https:\/\/javdistribution.ca\/fr\/wp-json\/wp\/v2\/product\/61386","targetHints":{"allow":["GET"]}}],"collection":[{"href":"https:\/\/javdistribution.ca\/fr\/wp-json\/wp\/v2\/product"}],"about":[{"href":"https:\/\/javdistribution.ca\/fr\/wp-json\/wp\/v2\/types\/product"}],"wp:featuredmedia":[{"embeddable":true,"href":"https:\/\/javdistribution.ca\/fr\/wp-json\/wp\/v2\/media\/61387"}],"wp:attachment":[{"href":"https:\/\/javdistribution.ca\/fr\/wp-json\/wp\/v2\/media?parent=61386"}],"wp:term":[{"taxonomy":"product_brand","embeddable":true,"href":"https:\/\/javdistribution.ca\/fr\/wp-json\/wp\/v2\/product_brand?post=61386"},{"taxonomy":"product_cat","embeddable":true,"href":"https:\/\/javdistribution.ca\/fr\/wp-json\/wp\/v2\/product_cat?post=61386"},{"taxonomy":"product_tag","embeddable":true,"href":"https:\/\/javdistribution.ca\/fr\/wp-json\/wp\/v2\/product_tag?post=61386"}],"curies":[{"name":"wp","href":"https:\/\/api.w.org\/{rel}","templated":true}]}}