{"id":61313,"date":"2026-04-06T20:08:00","date_gmt":"2026-04-06T20:08:00","guid":{"rendered":"https:\/\/javdistribution.ca\/product\/pokemon-monster-ball-bonbons-a-macher-5-g-30-unites-boite\/"},"modified":"2026-04-07T12:38:22","modified_gmt":"2026-04-07T12:38:22","slug":"pokemon-monster-ball-bonbons-a-macher-5-g-30-unites-boite","status":"publish","type":"product","link":"https:\/\/javdistribution.ca\/fr\/produit\/pokemon-monster-ball-bonbons-a-macher-5-g-30-unites-boite\/","title":{"rendered":"Pok\u00e9mon Monster Ball Bonbons \u00e0 M\u00e2cher 5 g (30 unit\u00e9s\/bo\u00eete)"},"content":{"rendered":"","protected":false},"excerpt":{"rendered":"","protected":false},"featured_media":61314,"template":"","meta":{"_acf_changed":false,"om_disable_all_campaigns":false,"_monsterinsights_skip_tracking":false,"_monsterinsights_sitenote_active":false,"_monsterinsights_sitenote_note":"","_monsterinsights_sitenote_category":0},"product_brand":[637],"product_cat":[402],"product_tag":[],"class_list":{"0":"post-61313","1":"product","2":"type-product","3":"status-publish","4":"has-post-thumbnail","6":"product_brand-pokemon","7":"product_cat-bonbons","9":"first","10":"outofstock","11":"taxable","12":"shipping-taxable","13":"product-type-simple"},"acf":[],"aioseo_notices":[],"_links":{"self":[{"href":"https:\/\/javdistribution.ca\/fr\/wp-json\/wp\/v2\/product\/61313","targetHints":{"allow":["GET"]}}],"collection":[{"href":"https:\/\/javdistribution.ca\/fr\/wp-json\/wp\/v2\/product"}],"about":[{"href":"https:\/\/javdistribution.ca\/fr\/wp-json\/wp\/v2\/types\/product"}],"wp:featuredmedia":[{"embeddable":true,"href":"https:\/\/javdistribution.ca\/fr\/wp-json\/wp\/v2\/media\/61314"}],"wp:attachment":[{"href":"https:\/\/javdistribution.ca\/fr\/wp-json\/wp\/v2\/media?parent=61313"}],"wp:term":[{"taxonomy":"product_brand","embeddable":true,"href":"https:\/\/javdistribution.ca\/fr\/wp-json\/wp\/v2\/product_brand?post=61313"},{"taxonomy":"product_cat","embeddable":true,"href":"https:\/\/javdistribution.ca\/fr\/wp-json\/wp\/v2\/product_cat?post=61313"},{"taxonomy":"product_tag","embeddable":true,"href":"https:\/\/javdistribution.ca\/fr\/wp-json\/wp\/v2\/product_tag?post=61313"}],"curies":[{"name":"wp","href":"https:\/\/api.w.org\/{rel}","templated":true}]}}