{"id":61296,"date":"2026-04-06T20:06:43","date_gmt":"2026-04-06T20:06:43","guid":{"rendered":"https:\/\/javdistribution.ca\/product\/bazooka-rattlerz-bonbons-fruites-a-macher-100-g-12-sacs-boite\/"},"modified":"2026-04-07T12:38:16","modified_gmt":"2026-04-07T12:38:16","slug":"bazooka-rattlerz-bonbons-fruites-a-macher-100-g-12-sacs-boite","status":"publish","type":"product","link":"https:\/\/javdistribution.ca\/fr\/produit\/bazooka-rattlerz-bonbons-fruites-a-macher-100-g-12-sacs-boite\/","title":{"rendered":"Bazooka Rattlerz Bonbons Fruit\u00e9s \u00e0 M\u00e2cher 100 g (12 sacs\/bo\u00eete)"},"content":{"rendered":"","protected":false},"excerpt":{"rendered":"","protected":false},"featured_media":61297,"template":"","meta":{"_acf_changed":false,"om_disable_all_campaigns":false,"_monsterinsights_skip_tracking":false,"_monsterinsights_sitenote_active":false,"_monsterinsights_sitenote_note":"","_monsterinsights_sitenote_category":0},"product_brand":[521],"product_cat":[402],"product_tag":[],"class_list":{"0":"post-61296","1":"product","2":"type-product","3":"status-publish","4":"has-post-thumbnail","6":"product_brand-bazooka","7":"product_cat-bonbons","9":"first","10":"outofstock","11":"taxable","12":"shipping-taxable","13":"product-type-simple"},"acf":[],"aioseo_notices":[],"_links":{"self":[{"href":"https:\/\/javdistribution.ca\/fr\/wp-json\/wp\/v2\/product\/61296","targetHints":{"allow":["GET"]}}],"collection":[{"href":"https:\/\/javdistribution.ca\/fr\/wp-json\/wp\/v2\/product"}],"about":[{"href":"https:\/\/javdistribution.ca\/fr\/wp-json\/wp\/v2\/types\/product"}],"wp:featuredmedia":[{"embeddable":true,"href":"https:\/\/javdistribution.ca\/fr\/wp-json\/wp\/v2\/media\/61297"}],"wp:attachment":[{"href":"https:\/\/javdistribution.ca\/fr\/wp-json\/wp\/v2\/media?parent=61296"}],"wp:term":[{"taxonomy":"product_brand","embeddable":true,"href":"https:\/\/javdistribution.ca\/fr\/wp-json\/wp\/v2\/product_brand?post=61296"},{"taxonomy":"product_cat","embeddable":true,"href":"https:\/\/javdistribution.ca\/fr\/wp-json\/wp\/v2\/product_cat?post=61296"},{"taxonomy":"product_tag","embeddable":true,"href":"https:\/\/javdistribution.ca\/fr\/wp-json\/wp\/v2\/product_tag?post=61296"}],"curies":[{"name":"wp","href":"https:\/\/api.w.org\/{rel}","templated":true}]}}