{"id":61164,"date":"2026-04-06T20:04:47","date_gmt":"2026-04-06T20:04:47","guid":{"rendered":"https:\/\/javdistribution.ca\/product\/maruchan-nouilles-fire-boeuf-epice-85-g-24-sachets-caisse\/"},"modified":"2026-04-07T12:36:22","modified_gmt":"2026-04-07T12:36:22","slug":"maruchan-nouilles-fire-boeuf-epice-85-g-24-sachets-caisse","status":"publish","type":"product","link":"https:\/\/javdistribution.ca\/fr\/produit\/maruchan-nouilles-fire-boeuf-epice-85-g-24-sachets-caisse\/","title":{"rendered":"Maruchan Nouilles Fire B\u0153uf \u00c9pic\u00e9 85 g (24 sachets\/caisse)"},"content":{"rendered":"","protected":false},"excerpt":{"rendered":"","protected":false},"featured_media":61165,"template":"","meta":{"_acf_changed":false,"om_disable_all_campaigns":false,"_monsterinsights_skip_tracking":false,"_monsterinsights_sitenote_active":false,"_monsterinsights_sitenote_note":"","_monsterinsights_sitenote_category":0},"product_brand":[578],"product_cat":[474],"product_tag":[],"class_list":{"0":"post-61164","1":"product","2":"type-product","3":"status-publish","4":"has-post-thumbnail","6":"product_brand-maruchan","7":"product_cat-ramens-fr","9":"first","10":"instock","11":"product-type-simple"},"acf":[],"aioseo_notices":[{"message":"The permalink for this post just changed! This could result in 404 errors for your site visitors.","status":"warning","options":{"id":"0a2ae5f84bc2c0423042ed7ec22d2e40","isDismissible":true,"actions":[{"url":"https:\/\/javdistribution.ca\/wp-admin\/admin.php?page=aioseo-redirects","label":"Add Redirect to improve SEO","target":"_blank","class":"aioseo-redirects-slug-changed"}]},"allowedContexts":["posts"]}],"_links":{"self":[{"href":"https:\/\/javdistribution.ca\/fr\/wp-json\/wp\/v2\/product\/61164","targetHints":{"allow":["GET"]}}],"collection":[{"href":"https:\/\/javdistribution.ca\/fr\/wp-json\/wp\/v2\/product"}],"about":[{"href":"https:\/\/javdistribution.ca\/fr\/wp-json\/wp\/v2\/types\/product"}],"wp:featuredmedia":[{"embeddable":true,"href":"https:\/\/javdistribution.ca\/fr\/wp-json\/wp\/v2\/media\/61165"}],"wp:attachment":[{"href":"https:\/\/javdistribution.ca\/fr\/wp-json\/wp\/v2\/media?parent=61164"}],"wp:term":[{"taxonomy":"product_brand","embeddable":true,"href":"https:\/\/javdistribution.ca\/fr\/wp-json\/wp\/v2\/product_brand?post=61164"},{"taxonomy":"product_cat","embeddable":true,"href":"https:\/\/javdistribution.ca\/fr\/wp-json\/wp\/v2\/product_cat?post=61164"},{"taxonomy":"product_tag","embeddable":true,"href":"https:\/\/javdistribution.ca\/fr\/wp-json\/wp\/v2\/product_tag?post=61164"}],"curies":[{"name":"wp","href":"https:\/\/api.w.org\/{rel}","templated":true}]}}