{"id":61089,"date":"2026-04-06T20:03:59","date_gmt":"2026-04-06T20:03:59","guid":{"rendered":"https:\/\/javdistribution.ca\/product\/huer-bonbons-gelifies-hot-dog-9-g-60-unites-boite\/"},"modified":"2026-04-07T12:34:57","modified_gmt":"2026-04-07T12:34:57","slug":"huer-bonbons-gelifies-hot-dog-9-g-60-unites-boite","status":"publish","type":"product","link":"https:\/\/javdistribution.ca\/fr\/produit\/huer-bonbons-gelifies-hot-dog-9-g-60-unites-boite\/","title":{"rendered":"Huer Bonbons G\u00e9lifi\u00e9s Hot Dog 9 g (60 unit\u00e9s\/bo\u00eete)"},"content":{"rendered":"","protected":false},"excerpt":{"rendered":"","protected":false},"featured_media":61090,"template":"","meta":{"_acf_changed":false,"om_disable_all_campaigns":false,"_monsterinsights_skip_tracking":false,"_monsterinsights_sitenote_active":false,"_monsterinsights_sitenote_note":"","_monsterinsights_sitenote_category":0},"product_brand":[563],"product_cat":[402],"product_tag":[],"class_list":{"0":"post-61089","1":"product","2":"type-product","3":"status-publish","4":"has-post-thumbnail","6":"product_brand-huer","7":"product_cat-bonbons","9":"first","10":"instock","11":"taxable","12":"shipping-taxable","13":"product-type-simple"},"acf":[],"aioseo_notices":[],"_links":{"self":[{"href":"https:\/\/javdistribution.ca\/fr\/wp-json\/wp\/v2\/product\/61089","targetHints":{"allow":["GET"]}}],"collection":[{"href":"https:\/\/javdistribution.ca\/fr\/wp-json\/wp\/v2\/product"}],"about":[{"href":"https:\/\/javdistribution.ca\/fr\/wp-json\/wp\/v2\/types\/product"}],"wp:featuredmedia":[{"embeddable":true,"href":"https:\/\/javdistribution.ca\/fr\/wp-json\/wp\/v2\/media\/61090"}],"wp:attachment":[{"href":"https:\/\/javdistribution.ca\/fr\/wp-json\/wp\/v2\/media?parent=61089"}],"wp:term":[{"taxonomy":"product_brand","embeddable":true,"href":"https:\/\/javdistribution.ca\/fr\/wp-json\/wp\/v2\/product_brand?post=61089"},{"taxonomy":"product_cat","embeddable":true,"href":"https:\/\/javdistribution.ca\/fr\/wp-json\/wp\/v2\/product_cat?post=61089"},{"taxonomy":"product_tag","embeddable":true,"href":"https:\/\/javdistribution.ca\/fr\/wp-json\/wp\/v2\/product_tag?post=61089"}],"curies":[{"name":"wp","href":"https:\/\/api.w.org\/{rel}","templated":true}]}}