{"id":31862,"date":"2025-12-29T13:37:57","date_gmt":"2025-12-29T13:37:57","guid":{"rendered":"https:\/\/javdistribution.ca\/?page_id=31862"},"modified":"2025-12-29T13:53:31","modified_gmt":"2025-12-29T13:53:31","slug":"politique-de-remboursement","status":"publish","type":"page","link":"https:\/\/javdistribution.ca\/fr\/politique-de-remboursement\/","title":{"rendered":"Politique de remboursement"},"content":{"rendered":"<h1 class=\"wp-block-heading\">Politique de remboursement<\/h1><p><\/p><p>Chez JAV Distribution, la satisfaction de nos clients est importante. Toutefois, en raison de la nature de nos produits, certaines conditions s\u2019appliquent.<\/p><h3 class=\"wp-block-heading\">Produits non remboursables<\/h3><p>Pour des raisons d\u2019hygi\u00e8ne et de s\u00e9curit\u00e9 alimentaire, toutes les boissons et produits consommables sont des ventes finales et ne peuvent pas \u00eatre retourn\u00e9s ni rembours\u00e9s, sauf dans les cas suivants :<\/p><p>&#8211; Produit re\u00e7u endommag\u00e9<br>&#8211; Produit re\u00e7u d\u00e9fectueux<br>&#8211; Erreur de notre part (mauvais produit exp\u00e9di\u00e9)<br>&#8211; Produits endommag\u00e9s ou erreurs de commande<\/p><p><\/p><p><strong>Si vous recevez un produit endommag\u00e9 ou incorrect:<\/strong><br>&#8211; Contactez-nous dans un d\u00e9lai de 48 heures suivant la r\u00e9ception<br>&#8211; Incluez des photos claires du produit et de l\u2019emballage<br>&#8211; Fournissez votre num\u00e9ro de commande<br>Apr\u00e8s v\u00e9rification, nous offrirons un remplacement ou un remboursement, \u00e0 notre discr\u00e9tion.<\/p><h3 class=\"wp-block-heading\">Remboursements approuv\u00e9s<\/h3><p>Si un remboursement est approuv\u00e9:<br>&#8211; Il sera effectu\u00e9 sur le mode de paiement original<br>&#8211; Le d\u00e9lai de traitement est de 5 \u00e0 10 jours ouvrables<\/p><h3 class=\"wp-block-heading\">Articles non admissibles<\/h3><p>&#8211; Produits ouverts ou consomm\u00e9s<br>&#8211; Articles en solde ou liquidation<br>&#8211; Cartes-cadeaux (si applicable)<\/p><h3 class=\"wp-block-heading\">Contact<\/h3><p>Pour toute demande li\u00e9e aux remboursements : \ud83d\udce7 info@javdistribution.ca (ou remplace par ton courriel officiel).<\/p>","protected":false},"excerpt":{"rendered":"<p>Politique de remboursement Chez JAV Distribution, la satisfaction de nos clients est importante. Toutefois, en raison de la nature de nos produits, certaines conditions s\u2019appliquent. Produits non remboursables Pour des raisons d\u2019hygi\u00e8ne et de s\u00e9curit\u00e9 alimentaire, toutes les boissons et produits consommables sont des ventes finales et ne peuvent pas \u00eatre retourn\u00e9s ni rembours\u00e9s, sauf [&hellip;]<\/p>\n","protected":false},"author":1,"featured_media":0,"parent":0,"menu_order":0,"comment_status":"closed","ping_status":"closed","template":"","meta":{"_acf_changed":false,"om_disable_all_campaigns":false,"_monsterinsights_skip_tracking":false,"_monsterinsights_sitenote_active":false,"_monsterinsights_sitenote_note":"","_monsterinsights_sitenote_category":0,"footnotes":""},"class_list":["post-31862","page","type-page","status-publish","hentry"],"acf":[],"aioseo_notices":[],"_links":{"self":[{"href":"https:\/\/javdistribution.ca\/fr\/wp-json\/wp\/v2\/pages\/31862","targetHints":{"allow":["GET"]}}],"collection":[{"href":"https:\/\/javdistribution.ca\/fr\/wp-json\/wp\/v2\/pages"}],"about":[{"href":"https:\/\/javdistribution.ca\/fr\/wp-json\/wp\/v2\/types\/page"}],"author":[{"embeddable":true,"href":"https:\/\/javdistribution.ca\/fr\/wp-json\/wp\/v2\/users\/1"}],"replies":[{"embeddable":true,"href":"https:\/\/javdistribution.ca\/fr\/wp-json\/wp\/v2\/comments?post=31862"}],"version-history":[{"count":3,"href":"https:\/\/javdistribution.ca\/fr\/wp-json\/wp\/v2\/pages\/31862\/revisions"}],"predecessor-version":[{"id":31870,"href":"https:\/\/javdistribution.ca\/fr\/wp-json\/wp\/v2\/pages\/31862\/revisions\/31870"}],"wp:attachment":[{"href":"https:\/\/javdistribution.ca\/fr\/wp-json\/wp\/v2\/media?parent=31862"}],"curies":[{"name":"wp","href":"https:\/\/api.w.org\/{rel}","templated":true}]}}