{"id":31850,"date":"2025-12-29T13:03:24","date_gmt":"2025-12-29T13:03:24","guid":{"rendered":"https:\/\/javdistribution.ca\/politique-dexpedition\/"},"modified":"2025-12-29T15:08:15","modified_gmt":"2025-12-29T15:08:15","slug":"politique-dexpedition","status":"publish","type":"page","link":"https:\/\/javdistribution.ca\/fr\/politique-dexpedition\/","title":{"rendered":"POLITIQUE D\u2019EXP\u00c9DITION"},"content":{"rendered":"<h1 class=\"wp-block-heading\">Politique d\u2019exp\u00e9dition<\/h1><p><\/p><h3 class=\"wp-block-heading\">Traitement des commandes<\/h3><p>Les commandes sont trait\u00e9es dans un d\u00e9lai de 1 \u00e0 3 jours ouvrables, excluant les fins de semaine et jours f\u00e9ri\u00e9s.<\/p><h3 class=\"wp-block-heading\">Zones de livraison<\/h3><p><strong>Nous livrons actuellement :<\/strong><br>&#8211; Canada<br>&#8211; \u00c9tats-Unis (si applicable)<br><\/p><p><strong>D\u00e9lais de livraison estim\u00e9s<\/strong><br>&#8211; Canada : 2 \u00e0 7 jours ouvrables<br>&#8211; \u00c9tats-Unis : 5 \u00e0 10 jours ouvrables<br>Les d\u00e9lais peuvent varier selon la destination et le transporteur.<\/p><h3 class=\"wp-block-heading\">Frais d\u2019exp\u00e9dition<\/h3><p>Les frais d\u2019exp\u00e9dition sont calcul\u00e9s \u00e0 la caisse et affich\u00e9s avant la confirmation de la commande.<\/p><h3 class=\"wp-block-heading\">Transporteurs<\/h3><p><strong>Nous utilisons des transporteurs reconnus tels que :<\/strong><br>&#8211; Canada Post<br>&#8211; Purolator<br>&#8211; UPS<br>&#8211; FedEx<br>ou tout autre transporteur \u00e9quivalent.<\/p><h3 class=\"wp-block-heading\">Suivi de commande<\/h3><p>Un num\u00e9ro de suivi est envoy\u00e9 par courriel d\u00e8s que la commande est exp\u00e9di\u00e9e.<\/p><h3 class=\"wp-block-heading\">Douanes et taxes<\/h3><p>Les frais de douane, droits d\u2019importation et taxes applicables sont \u00e0 la charge du client.<\/p><h3 class=\"wp-block-heading\">Colis perdus ou retard\u00e9s<\/h3><p>JAV Distribution n\u2019est pas responsable des retards caus\u00e9s par le transporteur.<br>En cas de colis perdu, nous ouvrirons une enqu\u00eate avec le transporteur.<\/p>","protected":false},"excerpt":{"rendered":"<p>Politique d\u2019exp\u00e9dition Traitement des commandes Les commandes sont trait\u00e9es dans un d\u00e9lai de 1 \u00e0 3 jours ouvrables, excluant les fins de semaine et jours f\u00e9ri\u00e9s. Zones de livraison Nous livrons actuellement :&#8211; Canada&#8211; \u00c9tats-Unis (si applicable) D\u00e9lais de livraison estim\u00e9s&#8211; Canada : 2 \u00e0 7 jours ouvrables&#8211; \u00c9tats-Unis : 5 \u00e0 10 jours ouvrablesLes [&hellip;]<\/p>\n","protected":false},"author":1,"featured_media":0,"parent":0,"menu_order":0,"comment_status":"closed","ping_status":"closed","template":"","meta":{"_acf_changed":false,"om_disable_all_campaigns":false,"_monsterinsights_skip_tracking":false,"_monsterinsights_sitenote_active":false,"_monsterinsights_sitenote_note":"","_monsterinsights_sitenote_category":0,"footnotes":""},"class_list":["post-31850","page","type-page","status-publish","hentry"],"acf":[],"aioseo_notices":[],"_links":{"self":[{"href":"https:\/\/javdistribution.ca\/fr\/wp-json\/wp\/v2\/pages\/31850","targetHints":{"allow":["GET"]}}],"collection":[{"href":"https:\/\/javdistribution.ca\/fr\/wp-json\/wp\/v2\/pages"}],"about":[{"href":"https:\/\/javdistribution.ca\/fr\/wp-json\/wp\/v2\/types\/page"}],"author":[{"embeddable":true,"href":"https:\/\/javdistribution.ca\/fr\/wp-json\/wp\/v2\/users\/1"}],"replies":[{"embeddable":true,"href":"https:\/\/javdistribution.ca\/fr\/wp-json\/wp\/v2\/comments?post=31850"}],"version-history":[{"count":6,"href":"https:\/\/javdistribution.ca\/fr\/wp-json\/wp\/v2\/pages\/31850\/revisions"}],"predecessor-version":[{"id":31880,"href":"https:\/\/javdistribution.ca\/fr\/wp-json\/wp\/v2\/pages\/31850\/revisions\/31880"}],"wp:attachment":[{"href":"https:\/\/javdistribution.ca\/fr\/wp-json\/wp\/v2\/media?parent=31850"}],"curies":[{"name":"wp","href":"https:\/\/api.w.org\/{rel}","templated":true}]}}