{"id":11734,"date":"2024-04-17T21:33:44","date_gmt":"2024-04-17T21:33:44","guid":{"rendered":"https:\/\/javdistribution.websolutions.pp.ua\/?page_id=11734"},"modified":"2024-05-22T10:27:35","modified_gmt":"2024-05-22T10:27:35","slug":"clotures-en-composite","status":"publish","type":"page","link":"https:\/\/javdistribution.ca\/fr\/clotures-en-composite\/","title":{"rendered":"Cl\u00f4tures en Composite, Planches et Panneaux"},"content":{"rendered":"\t\t<div data-elementor-type=\"wp-page\" data-elementor-id=\"11734\" class=\"elementor elementor-11734 elementor-11656\">\n\t\t\t\t\t\t<section class=\"elementor-section elementor-top-section elementor-element elementor-element-1a97215 elementor-section-full_width elementor-section-height-default elementor-section-height-default qodef-elementor-content-no\" data-id=\"1a97215\" data-element_type=\"section\" data-settings=\"{&quot;background_background&quot;:&quot;classic&quot;}\">\n\t\t\t\t\t\t<div class=\"elementor-container elementor-column-gap-default\">\n\t\t\t\t\t<div class=\"elementor-column elementor-col-100 elementor-top-column elementor-element elementor-element-c5d5c6e\" data-id=\"c5d5c6e\" data-element_type=\"column\">\n\t\t\t<div class=\"elementor-widget-wrap elementor-element-populated\">\n\t\t\t\t\t\t<div class=\"elementor-element elementor-element-51c60b1 elementor-widget elementor-widget-slider_revolution\" data-id=\"51c60b1\" data-element_type=\"widget\" data-widget_type=\"slider_revolution.default\">\n\t\t\t\t<div class=\"elementor-widget-container\">\n\t\t\t\t\t\n\t\t<div class=\"wp-block-themepunch-revslider\">\n\t\t\t<!-- START Composite Fence Boards &amp; Panels REVOLUTION SLIDER 6.5.14 --><p class=\"rs-p-wp-fix\"><\/p>\n\t\t\t<rs-module-wrap id=\"rev_slider_18_1_wrapper\" data-source=\"gallery\" style=\"visibility:hidden;background:transparent;padding:0;margin:0px auto;margin-top:0;margin-bottom:0;\">\n\t\t\t\t<rs-module id=\"rev_slider_18_1\" style=\"\" data-version=\"6.5.14\">\n\t\t\t\t\t<rs-slides>\n\t\t\t\t\t\t<rs-slide style=\"position: absolute;\" data-key=\"rs-41\" data-title=\"Slide\" data-thumb=\"\/\/javdistribution.ca\/wp-content\/uploads\/2024\/04\/a1community_a_WPC_Wood_Plastic_Composite_fluted_slats_fence_in__4a5fa2c9-a39d-4afa-ba40-8e2d146ed0b0-scaled-1-50x100.jpg\" data-in=\"o:0;\" data-out=\"a:false;\">\n\t\t\t\t\t\t\t<img fetchpriority=\"high\" decoding=\"async\" src=\"\/\/javdistribution.ca\/wp-content\/plugins\/revslider\/public\/assets\/assets\/dummy.png\" alt=\"\" title=\"a1community_a_WPC_Wood_Plastic_Composite_fluted_slats_fence_in__4a5fa2c9-a39d-4afa-ba40-8e2d146ed0b0-scaled\" width=\"2560\" height=\"1024\" class=\"rev-slidebg tp-rs-img rs-lazyload\" data-lazyload=\"\/\/javdistribution.ca\/wp-content\/uploads\/2024\/04\/a1community_a_WPC_Wood_Plastic_Composite_fluted_slats_fence_in__4a5fa2c9-a39d-4afa-ba40-8e2d146ed0b0-scaled-1.jpg\" data-no-retina>\n<!---->\t\t\t\t\t\t<\/rs-slide>\n\t\t\t\t\t\t<rs-slide style=\"position: absolute;\" data-key=\"rs-42\" data-title=\"Slide\" data-thumb=\"\/\/javdistribution.ca\/wp-content\/uploads\/2024\/04\/a1community_picture_of_brown_fluted_wood_plastic_wpc_composite__10d41b5b-5ded-49e6-8172-a1d16e4c9d11-50x100.jpg\" data-in=\"o:0;\" data-out=\"a:false;\">\n\t\t\t\t\t\t\t<img decoding=\"async\" src=\"\/\/javdistribution.ca\/wp-content\/plugins\/revslider\/public\/assets\/assets\/dummy.png\" alt=\"\" title=\"a1community_picture_of_brown_fluted_wood_plastic_wpc_composite__10d41b5b-5ded-49e6-8172-a1d16e4c9d11\" width=\"2000\" height=\"800\" class=\"rev-slidebg tp-rs-img rs-lazyload\" data-lazyload=\"\/\/javdistribution.ca\/wp-content\/uploads\/2024\/04\/a1community_picture_of_brown_fluted_wood_plastic_wpc_composite__10d41b5b-5ded-49e6-8172-a1d16e4c9d11.jpg\" data-no-retina>\n<!---->\t\t\t\t\t\t<\/rs-slide>\n\t\t\t\t\t\t<rs-slide style=\"position: absolute;\" data-key=\"rs-43\" data-title=\"Slide\" data-thumb=\"\/\/javdistribution.ca\/wp-content\/uploads\/2024\/04\/photo-retouchee-par-benjamin-finale-scaled-1-50x100.jpg\" data-in=\"o:0;\" data-out=\"a:false;\">\n\t\t\t\t\t\t\t<img decoding=\"async\" src=\"\/\/javdistribution.ca\/wp-content\/plugins\/revslider\/public\/assets\/assets\/dummy.png\" alt=\"\" title=\"photo-retouchee-par-benjamin-finale-scaled\" width=\"2560\" height=\"1023\" class=\"rev-slidebg tp-rs-img rs-lazyload\" data-lazyload=\"\/\/javdistribution.ca\/wp-content\/uploads\/2024\/04\/photo-retouchee-par-benjamin-finale-scaled-1.jpg\" data-no-retina>\n<!---->\t\t\t\t\t\t<\/rs-slide>\n\t\t\t\t\t<\/rs-slides>\n\t\t\t\t<\/rs-module>\n\t\t\t\t<script>\n\t\t\t\t\tsetREVStartSize({c: 'rev_slider_18_1',rl:[1240,1024,778,480],el:[800],gw:[1240],gh:[800],type:'standard',justify:'',layout:'fullwidth',mh:\"0\"});if (window.RS_MODULES!==undefined && window.RS_MODULES.modules!==undefined && window.RS_MODULES.modules[\"revslider181\"]!==undefined) {window.RS_MODULES.modules[\"revslider181\"].once = false;window.revapi18 = undefined;if (window.RS_MODULES.checkMinimal!==undefined) window.RS_MODULES.checkMinimal()}\n\t\t\t\t<\/script>\n\t\t\t<\/rs-module-wrap>\n\t\t\t<!-- END REVOLUTION SLIDER -->\n<\/div>\n\n\t\t\t\t\t\t<\/div>\n\t\t\t\t<\/div>\n\t\t\t\t\t<\/div>\n\t\t<\/div>\n\t\t\t\t\t<\/div>\n\t\t<\/section>\n\t\t<div class=\"elementor-element elementor-element-eeb74f5 e-flex e-con-boxed e-con e-parent\" data-id=\"eeb74f5\" data-element_type=\"container\">\n\t\t\t\t\t<div class=\"e-con-inner\">\n\t\t<div class=\"elementor-element elementor-element-9d2ade5 e-con-full e-flex e-con e-parent\" data-id=\"9d2ade5\" data-element_type=\"container\">\n\t\t\t\t<div class=\"elementor-element elementor-element-3110aca elementor-widget elementor-widget-heading\" data-id=\"3110aca\" data-element_type=\"widget\" data-widget_type=\"heading.default\">\n\t\t\t\t<div class=\"elementor-widget-container\">\n\t\t\t\t\t<h4 class=\"elementor-heading-title elementor-size-default\">Cl\u00f4tures composites FIBERWOOD<\/h4>\t\t\t\t<\/div>\n\t\t\t\t<\/div>\n\t\t\t\t<div class=\"elementor-element elementor-element-2e8440d elementor-widget-divider--view-line elementor-widget elementor-widget-divider\" data-id=\"2e8440d\" data-element_type=\"widget\" data-widget_type=\"divider.default\">\n\t\t\t\t<div class=\"elementor-widget-container\">\n\t\t\t\t\t\t\t<div class=\"elementor-divider\">\n\t\t\t<span class=\"elementor-divider-separator\">\n\t\t\t\t\t\t<\/span>\n\t\t<\/div>\n\t\t\t\t\t\t<\/div>\n\t\t\t\t<\/div>\n\t\t\t\t<div class=\"elementor-element elementor-element-56dd937 elementor-widget elementor-widget-text-editor\" data-id=\"56dd937\" data-element_type=\"widget\" data-widget_type=\"text-editor.default\">\n\t\t\t\t<div class=\"elementor-widget-container\">\n\t\t\t\t\t\t\t\t\t<p>FIBERWOOD propose des cl\u00f4tures composites haut de gamme avec un rev\u00eatement 100% PROSHIELD PREMIUM\u00ae, offrant une protection \u00e0 360\u00b0 contre l&rsquo;humidit\u00e9, la pourriture, les insectes, les rayons UV et les rayures. Disponibles en plusieurs couleurs, nos cl\u00f4tures sont propos\u00e9es en deux \u00e9ditions pour r\u00e9pondre \u00e0 vos besoins de projets ext\u00e9rieurs.<\/p>\t\t\t\t\t\t\t\t<\/div>\n\t\t\t\t<\/div>\n\t\t\t\t<\/div>\n\t\t<div class=\"elementor-element elementor-element-38a23c7 e-con-full e-flex e-con e-parent\" data-id=\"38a23c7\" data-element_type=\"container\" data-settings=\"{&quot;background_background&quot;:&quot;classic&quot;}\">\n\t\t\t\t<\/div>\n\t\t\t\t\t<\/div>\n\t\t\t\t<\/div>\n\t\t<div class=\"elementor-element elementor-element-be934d2 e-flex e-con-boxed e-con e-parent\" data-id=\"be934d2\" data-element_type=\"container\">\n\t\t\t\t\t<div class=\"e-con-inner\">\n\t\t<div class=\"elementor-element elementor-element-7c845d6 e-con-full e-flex e-con e-parent\" data-id=\"7c845d6\" data-element_type=\"container\">\n\t\t\t\t<div class=\"elementor-element elementor-element-5bfdce4 elementor-widget elementor-widget-image\" data-id=\"5bfdce4\" data-element_type=\"widget\" data-widget_type=\"image.default\">\n\t\t\t\t<div class=\"elementor-widget-container\">\n\t\t\t\t\t\t\t\t\t\t\t\t\t\t\t<img loading=\"lazy\" decoding=\"async\" width=\"1000\" height=\"1001\" src=\"https:\/\/javdistribution.ca\/wp-content\/uploads\/2024\/04\/Fence-Royal-Edition-e1679586790761.jpg\" class=\"attachment-large size-large wp-image-11666\" alt=\"\" srcset=\"https:\/\/javdistribution.ca\/wp-content\/uploads\/2024\/04\/Fence-Royal-Edition-e1679586790761.jpg 1000w, https:\/\/javdistribution.ca\/wp-content\/uploads\/2024\/04\/Fence-Royal-Edition-e1679586790761-600x601.jpg 600w, https:\/\/javdistribution.ca\/wp-content\/uploads\/2024\/04\/Fence-Royal-Edition-e1679586790761-100x100.jpg 100w, https:\/\/javdistribution.ca\/wp-content\/uploads\/2024\/04\/Fence-Royal-Edition-e1679586790761-300x300.jpg 300w, https:\/\/javdistribution.ca\/wp-content\/uploads\/2024\/04\/Fence-Royal-Edition-e1679586790761-150x150.jpg 150w, https:\/\/javdistribution.ca\/wp-content\/uploads\/2024\/04\/Fence-Royal-Edition-e1679586790761-768x769.jpg 768w, https:\/\/javdistribution.ca\/wp-content\/uploads\/2024\/04\/Fence-Royal-Edition-e1679586790761-650x650.jpg 650w\" sizes=\"(max-width: 1000px) 100vw, 1000px\" \/>\t\t\t\t\t\t\t\t\t\t\t\t\t\t\t<\/div>\n\t\t\t\t<\/div>\n\t\t\t\t<div class=\"elementor-element elementor-element-b3f5dec elementor-widget elementor-widget-heading\" data-id=\"b3f5dec\" data-element_type=\"widget\" id=\"edition-royale\" data-widget_type=\"heading.default\">\n\t\t\t\t<div class=\"elementor-widget-container\">\n\t\t\t\t\t<h4 class=\"elementor-heading-title elementor-size-default\">\u00c9DITION <b>ROYALE<\/b><\/h4>\t\t\t\t<\/div>\n\t\t\t\t<\/div>\n\t\t\t\t<div class=\"elementor-element elementor-element-d584ca3 elementor-widget elementor-widget-text-editor\" data-id=\"d584ca3\" data-element_type=\"widget\" data-widget_type=\"text-editor.default\">\n\t\t\t\t<div class=\"elementor-widget-container\">\n\t\t\t\t\t\t\t\t\t<p>Design unique, structure solide et look contemporain. Syst\u00e8me de languette et rainure pour une installation impeccable.<\/p>\t\t\t\t\t\t\t\t<\/div>\n\t\t\t\t<\/div>\n\t\t\t\t<div class=\"elementor-element elementor-element-1309b61 elementor-icon-list--layout-traditional elementor-list-item-link-full_width elementor-widget elementor-widget-icon-list\" data-id=\"1309b61\" data-element_type=\"widget\" data-widget_type=\"icon-list.default\">\n\t\t\t\t<div class=\"elementor-widget-container\">\n\t\t\t\t\t\t\t<ul class=\"elementor-icon-list-items\">\n\t\t\t\t\t\t\t<li class=\"elementor-icon-list-item\">\n\t\t\t\t\t\t\t\t\t\t\t<span class=\"elementor-icon-list-icon\">\n\t\t\t\t\t\t\t<i aria-hidden=\"true\" class=\"fas fa-circle\"><\/i>\t\t\t\t\t\t<\/span>\n\t\t\t\t\t\t\t\t\t\t<span class=\"elementor-icon-list-text\">Conception unique d\u2019ing\u00e9nierie<\/span>\n\t\t\t\t\t\t\t\t\t<\/li>\n\t\t\t\t\t\t\t\t<li class=\"elementor-icon-list-item\">\n\t\t\t\t\t\t\t\t\t\t\t<span class=\"elementor-icon-list-icon\">\n\t\t\t\t\t\t\t<i aria-hidden=\"true\" class=\"fas fa-circle\"><\/i>\t\t\t\t\t\t<\/span>\n\t\t\t\t\t\t\t\t\t\t<span class=\"elementor-icon-list-text\">Cl\u00f4tures en co-extrusion <b>FIBERWOOD<\/b> d\u2019une qualit\u00e9 exceptionnelle<\/span>\n\t\t\t\t\t\t\t\t\t<\/li>\n\t\t\t\t\t\t\t\t<li class=\"elementor-icon-list-item\">\n\t\t\t\t\t\t\t\t\t\t\t<span class=\"elementor-icon-list-icon\">\n\t\t\t\t\t\t\t<i aria-hidden=\"true\" class=\"fas fa-circle\"><\/i>\t\t\t\t\t\t<\/span>\n\t\t\t\t\t\t\t\t\t\t<span class=\"elementor-icon-list-text\">Aspect multidimensionnel tr\u00e8s attrayant<\/span>\n\t\t\t\t\t\t\t\t\t<\/li>\n\t\t\t\t\t\t\t\t<li class=\"elementor-icon-list-item\">\n\t\t\t\t\t\t\t\t\t\t\t<span class=\"elementor-icon-list-icon\">\n\t\t\t\t\t\t\t<i aria-hidden=\"true\" class=\"fas fa-circle\"><\/i>\t\t\t\t\t\t<\/span>\n\t\t\t\t\t\t\t\t\t\t<span class=\"elementor-icon-list-text\">Look contemporain et moderne<\/span>\n\t\t\t\t\t\t\t\t\t<\/li>\n\t\t\t\t\t\t\t\t<li class=\"elementor-icon-list-item\">\n\t\t\t\t\t\t\t\t\t\t\t<span class=\"elementor-icon-list-icon\">\n\t\t\t\t\t\t\t<i aria-hidden=\"true\" class=\"fas fa-circle\"><\/i>\t\t\t\t\t\t<\/span>\n\t\t\t\t\t\t\t\t\t\t<span class=\"elementor-icon-list-text\">Structure de planche ultra solide<\/span>\n\t\t\t\t\t\t\t\t\t<\/li>\n\t\t\t\t\t\t\t\t<li class=\"elementor-icon-list-item\">\n\t\t\t\t\t\t\t\t\t\t\t<span class=\"elementor-icon-list-icon\">\n\t\t\t\t\t\t\t<i aria-hidden=\"true\" class=\"fas fa-circle\"><\/i>\t\t\t\t\t\t<\/span>\n\t\t\t\t\t\t\t\t\t\t<span class=\"elementor-icon-list-text\">Syst\u00e8me de planches embouvet\u00e9es qui dissimule les vis pour une installation parfaite<\/span>\n\t\t\t\t\t\t\t\t\t<\/li>\n\t\t\t\t\t\t\t\t<li class=\"elementor-icon-list-item\">\n\t\t\t\t\t\t\t\t\t\t\t<span class=\"elementor-icon-list-icon\">\n\t\t\t\t\t\t\t<i aria-hidden=\"true\" class=\"fas fa-circle\"><\/i>\t\t\t\t\t\t<\/span>\n\t\t\t\t\t\t\t\t\t\t<span class=\"elementor-icon-list-text\">l\u2019\u00e9preuve du temps\u2026 Garantie <b>vingt (20) ans<\/b><\/span>\n\t\t\t\t\t\t\t\t\t<\/li>\n\t\t\t\t\t\t<\/ul>\n\t\t\t\t\t\t<\/div>\n\t\t\t\t<\/div>\n\t\t\t\t<\/div>\n\t\t<div class=\"elementor-element elementor-element-17a4846 e-con-full e-flex e-con e-parent\" data-id=\"17a4846\" data-element_type=\"container\">\n\t\t\t\t<div class=\"elementor-element elementor-element-433eebf elementor-widget elementor-widget-image\" data-id=\"433eebf\" data-element_type=\"widget\" data-widget_type=\"image.default\">\n\t\t\t\t<div class=\"elementor-widget-container\">\n\t\t\t\t\t\t\t\t\t\t\t\t\t\t\t<img loading=\"lazy\" decoding=\"async\" width=\"1000\" height=\"1000\" src=\"https:\/\/javdistribution.ca\/wp-content\/uploads\/2024\/04\/Fence-classic-edition-e1679586815586.jpg\" class=\"attachment-large size-large wp-image-11667\" alt=\"\" srcset=\"https:\/\/javdistribution.ca\/wp-content\/uploads\/2024\/04\/Fence-classic-edition-e1679586815586.jpg 1000w, https:\/\/javdistribution.ca\/wp-content\/uploads\/2024\/04\/Fence-classic-edition-e1679586815586-600x600.jpg 600w, https:\/\/javdistribution.ca\/wp-content\/uploads\/2024\/04\/Fence-classic-edition-e1679586815586-100x100.jpg 100w, https:\/\/javdistribution.ca\/wp-content\/uploads\/2024\/04\/Fence-classic-edition-e1679586815586-300x300.jpg 300w, https:\/\/javdistribution.ca\/wp-content\/uploads\/2024\/04\/Fence-classic-edition-e1679586815586-150x150.jpg 150w, https:\/\/javdistribution.ca\/wp-content\/uploads\/2024\/04\/Fence-classic-edition-e1679586815586-768x768.jpg 768w, https:\/\/javdistribution.ca\/wp-content\/uploads\/2024\/04\/Fence-classic-edition-e1679586815586-650x650.jpg 650w\" sizes=\"(max-width: 1000px) 100vw, 1000px\" \/>\t\t\t\t\t\t\t\t\t\t\t\t\t\t\t<\/div>\n\t\t\t\t<\/div>\n\t\t\t\t<div class=\"elementor-element elementor-element-77028a4 elementor-widget elementor-widget-heading\" data-id=\"77028a4\" data-element_type=\"widget\" id=\"edition-classique\" data-widget_type=\"heading.default\">\n\t\t\t\t<div class=\"elementor-widget-container\">\n\t\t\t\t\t<h4 class=\"elementor-heading-title elementor-size-default\">\u00c9DITION <b>CLASSIQUE<\/b><\/h4>\t\t\t\t<\/div>\n\t\t\t\t<\/div>\n\t\t\t\t<div class=\"elementor-element elementor-element-ae5a6b3 elementor-widget elementor-widget-text-editor\" data-id=\"ae5a6b3\" data-element_type=\"widget\" data-widget_type=\"text-editor.default\">\n\t\t\t\t<div class=\"elementor-widget-container\">\n\t\t\t\t\t\t\t\t\t<p>Imite le bois naturel avec des performances \u00e9lev\u00e9es. Facile \u00e0 installer avec une structure solide et une garantie de 20 ans.<\/p>\t\t\t\t\t\t\t\t<\/div>\n\t\t\t\t<\/div>\n\t\t\t\t<div class=\"elementor-element elementor-element-91a3e29 elementor-icon-list--layout-traditional elementor-list-item-link-full_width elementor-widget elementor-widget-icon-list\" data-id=\"91a3e29\" data-element_type=\"widget\" data-widget_type=\"icon-list.default\">\n\t\t\t\t<div class=\"elementor-widget-container\">\n\t\t\t\t\t\t\t<ul class=\"elementor-icon-list-items\">\n\t\t\t\t\t\t\t<li class=\"elementor-icon-list-item\">\n\t\t\t\t\t\t\t\t\t\t\t<span class=\"elementor-icon-list-icon\">\n\t\t\t\t\t\t\t<i aria-hidden=\"true\" class=\"fas fa-circle\"><\/i>\t\t\t\t\t\t<\/span>\n\t\t\t\t\t\t\t\t\t\t<span class=\"elementor-icon-list-text\">Un classique! Imitation parfaite du bois sans ses inconv\u00e9nients<\/span>\n\t\t\t\t\t\t\t\t\t<\/li>\n\t\t\t\t\t\t\t\t<li class=\"elementor-icon-list-item\">\n\t\t\t\t\t\t\t\t\t\t\t<span class=\"elementor-icon-list-icon\">\n\t\t\t\t\t\t\t<i aria-hidden=\"true\" class=\"fas fa-circle\"><\/i>\t\t\t\t\t\t<\/span>\n\t\t\t\t\t\t\t\t\t\t<span class=\"elementor-icon-list-text\">La beaut\u00e9 du bois naturel aux performances in\u00e9galables de notre composite de coextrusion <b>FIBERWOOD<\/b> de haute qualit\u00e9<\/span>\n\t\t\t\t\t\t\t\t\t<\/li>\n\t\t\t\t\t\t\t\t<li class=\"elementor-icon-list-item\">\n\t\t\t\t\t\t\t\t\t\t\t<span class=\"elementor-icon-list-icon\">\n\t\t\t\t\t\t\t<i aria-hidden=\"true\" class=\"fas fa-circle\"><\/i>\t\t\t\t\t\t<\/span>\n\t\t\t\t\t\t\t\t\t\t<span class=\"elementor-icon-list-text\">Structure de planche solide<\/span>\n\t\t\t\t\t\t\t\t\t<\/li>\n\t\t\t\t\t\t\t\t<li class=\"elementor-icon-list-item\">\n\t\t\t\t\t\t\t\t\t\t\t<span class=\"elementor-icon-list-icon\">\n\t\t\t\t\t\t\t<i aria-hidden=\"true\" class=\"fas fa-circle\"><\/i>\t\t\t\t\t\t<\/span>\n\t\t\t\t\t\t\t\t\t\t<span class=\"elementor-icon-list-text\">Syst\u00e8me de planches embouvet\u00e9es qui dissimule les vis pour une installation parfaite<\/span>\n\t\t\t\t\t\t\t\t\t<\/li>\n\t\t\t\t\t\t\t\t<li class=\"elementor-icon-list-item\">\n\t\t\t\t\t\t\t\t\t\t\t<span class=\"elementor-icon-list-icon\">\n\t\t\t\t\t\t\t<i aria-hidden=\"true\" class=\"fas fa-circle\"><\/i>\t\t\t\t\t\t<\/span>\n\t\t\t\t\t\t\t\t\t\t<span class=\"elementor-icon-list-text\">\u00c0 l\u2019\u00e9preuve du temps\u2026 Garantie <b>vingt (20) ans<\/b><\/span>\n\t\t\t\t\t\t\t\t\t<\/li>\n\t\t\t\t\t\t<\/ul>\n\t\t\t\t\t\t<\/div>\n\t\t\t\t<\/div>\n\t\t\t\t<\/div>\n\t\t\t\t\t<\/div>\n\t\t\t\t<\/div>\n\t\t<div class=\"elementor-element elementor-element-eddf644 e-flex e-con-boxed e-con e-parent\" data-id=\"eddf644\" data-element_type=\"container\">\n\t\t\t\t\t<div class=\"e-con-inner\">\n\t\t\t\t<div class=\"elementor-element elementor-element-2625eb8 elementor-widget elementor-widget-text-editor\" data-id=\"2625eb8\" data-element_type=\"widget\" data-widget_type=\"text-editor.default\">\n\t\t\t\t<div class=\"elementor-widget-container\">\n\t\t\t\t\t\t\t\t\t<p>Pour plus de d\u00e9tails, visitez <span style=\"text-decoration: underline;\"><a href=\"https:\/\/javdistribution.ca\/composite-fence-boards\/\" target=\"_blank\" rel=\"noopener noreferrer\" data-saferedirecturl=\"https:\/\/www.google.com\/url?q=https:\/\/javdistribution.ca\/composite-fence-boards\/&amp;source=gmail&amp;ust=1716457193852000&amp;usg=AOvVaw1PBU7VQ6LZg-ulugaHGP_O\">Jav Distribution<\/a>.<\/span><\/p>\t\t\t\t\t\t\t\t<\/div>\n\t\t\t\t<\/div>\n\t\t\t\t<div class=\"elementor-element elementor-element-7aedc30 elementor-widget elementor-widget-spacer\" data-id=\"7aedc30\" data-element_type=\"widget\" data-widget_type=\"spacer.default\">\n\t\t\t\t<div class=\"elementor-widget-container\">\n\t\t\t\t\t\t\t<div class=\"elementor-spacer\">\n\t\t\t<div class=\"elementor-spacer-inner\"><\/div>\n\t\t<\/div>\n\t\t\t\t\t\t<\/div>\n\t\t\t\t<\/div>\n\t\t\t\t\t<\/div>\n\t\t\t\t<\/div>\n\t\t\t\t<\/div>\n\t\t","protected":false},"excerpt":{"rendered":"<p>Cl\u00f4tures composites FIBERWOOD FIBERWOOD propose des cl\u00f4tures composites haut de gamme avec un rev\u00eatement 100% PROSHIELD PREMIUM\u00ae, offrant une protection \u00e0 360\u00b0 contre l&rsquo;humidit\u00e9, la pourriture, les insectes, les rayons UV et les rayures. Disponibles en plusieurs couleurs, nos cl\u00f4tures sont propos\u00e9es en deux \u00e9ditions pour r\u00e9pondre \u00e0 vos besoins de projets ext\u00e9rieurs. \u00c9DITION ROYALE [&hellip;]<\/p>\n","protected":false},"author":1,"featured_media":0,"parent":0,"menu_order":0,"comment_status":"closed","ping_status":"closed","template":"page-full-width.php","meta":{"_acf_changed":false,"om_disable_all_campaigns":false,"_monsterinsights_skip_tracking":false,"_monsterinsights_sitenote_active":false,"_monsterinsights_sitenote_note":"","_monsterinsights_sitenote_category":0,"footnotes":""},"class_list":["post-11734","page","type-page","status-publish","hentry"],"acf":[],"aioseo_notices":[],"_links":{"self":[{"href":"https:\/\/javdistribution.ca\/fr\/wp-json\/wp\/v2\/pages\/11734","targetHints":{"allow":["GET"]}}],"collection":[{"href":"https:\/\/javdistribution.ca\/fr\/wp-json\/wp\/v2\/pages"}],"about":[{"href":"https:\/\/javdistribution.ca\/fr\/wp-json\/wp\/v2\/types\/page"}],"author":[{"embeddable":true,"href":"https:\/\/javdistribution.ca\/fr\/wp-json\/wp\/v2\/users\/1"}],"replies":[{"embeddable":true,"href":"https:\/\/javdistribution.ca\/fr\/wp-json\/wp\/v2\/comments?post=11734"}],"version-history":[{"count":16,"href":"https:\/\/javdistribution.ca\/fr\/wp-json\/wp\/v2\/pages\/11734\/revisions"}],"predecessor-version":[{"id":12235,"href":"https:\/\/javdistribution.ca\/fr\/wp-json\/wp\/v2\/pages\/11734\/revisions\/12235"}],"wp:attachment":[{"href":"https:\/\/javdistribution.ca\/fr\/wp-json\/wp\/v2\/media?parent=11734"}],"curies":[{"name":"wp","href":"https:\/\/api.w.org\/{rel}","templated":true}]}}