{"id":11597,"date":"2024-04-17T13:38:08","date_gmt":"2024-04-17T13:38:08","guid":{"rendered":"https:\/\/javdistribution.websolutions.pp.ua\/?page_id=11597"},"modified":"2024-05-22T10:19:09","modified_gmt":"2024-05-22T10:19:09","slug":"cabanons-en-composite","status":"publish","type":"page","link":"https:\/\/javdistribution.ca\/fr\/cabanons-en-composite\/","title":{"rendered":"Cabanons en Composite"},"content":{"rendered":"\t\t<div data-elementor-type=\"wp-page\" data-elementor-id=\"11597\" class=\"elementor elementor-11597 elementor-11396\">\n\t\t\t\t\t\t<section class=\"elementor-section elementor-top-section elementor-element elementor-element-b49bf76 elementor-section-full_width elementor-section-height-default elementor-section-height-default qodef-elementor-content-no\" data-id=\"b49bf76\" data-element_type=\"section\" data-settings=\"{&quot;background_background&quot;:&quot;classic&quot;}\">\n\t\t\t\t\t\t<div class=\"elementor-container elementor-column-gap-default\">\n\t\t\t\t\t<div class=\"elementor-column elementor-col-100 elementor-top-column elementor-element elementor-element-535d16f\" data-id=\"535d16f\" data-element_type=\"column\">\n\t\t\t<div class=\"elementor-widget-wrap elementor-element-populated\">\n\t\t\t\t\t\t<div class=\"elementor-element elementor-element-14c8efe elementor-widget elementor-widget-slider_revolution\" data-id=\"14c8efe\" data-element_type=\"widget\" data-widget_type=\"slider_revolution.default\">\n\t\t\t\t<div class=\"elementor-widget-container\">\n\t\t\t\t\t\n\t\t<div class=\"wp-block-themepunch-revslider\">\n\t\t\t<!-- START Composite Sheds Canada REVOLUTION SLIDER 6.5.14 --><p class=\"rs-p-wp-fix\"><\/p>\n\t\t\t<rs-module-wrap id=\"rev_slider_17_1_wrapper\" data-source=\"gallery\" style=\"visibility:hidden;background:transparent;padding:0;margin:0px auto;margin-top:0;margin-bottom:0;\">\n\t\t\t\t<rs-module id=\"rev_slider_17_1\" style=\"\" data-version=\"6.5.14\">\n\t\t\t\t\t<rs-slides>\n\t\t\t\t\t\t<rs-slide style=\"position: absolute;\" data-key=\"rs-39\" data-title=\"Slide\" data-in=\"o:0;\" data-out=\"a:false;\">\n\t\t\t\t\t\t\t<img fetchpriority=\"high\" decoding=\"async\" src=\"\/\/javdistribution.ca\/wp-content\/plugins\/revslider\/public\/assets\/assets\/dummy.png\" alt=\"\" title=\"Shed-Header-Slider-1\" width=\"2000\" height=\"800\" class=\"rev-slidebg tp-rs-img rs-lazyload\" data-lazyload=\"\/\/javdistribution.ca\/wp-content\/uploads\/2024\/04\/Shed-Header-Slider-1.png\" data-no-retina>\n<!---->\t\t\t\t\t\t<\/rs-slide>\n\t\t\t\t\t<\/rs-slides>\n\t\t\t\t<\/rs-module>\n\t\t\t\t<script>\n\t\t\t\t\tsetREVStartSize({c: 'rev_slider_17_1',rl:[1240,1024,778,480],el:[800],gw:[1240],gh:[800],type:'standard',justify:'',layout:'fullwidth',mh:\"0\"});if (window.RS_MODULES!==undefined && window.RS_MODULES.modules!==undefined && window.RS_MODULES.modules[\"revslider171\"]!==undefined) {window.RS_MODULES.modules[\"revslider171\"].once = false;window.revapi17 = undefined;if (window.RS_MODULES.checkMinimal!==undefined) window.RS_MODULES.checkMinimal()}\n\t\t\t\t<\/script>\n\t\t\t<\/rs-module-wrap>\n\t\t\t<!-- END REVOLUTION SLIDER -->\n<\/div>\n\n\t\t\t\t\t\t<\/div>\n\t\t\t\t<\/div>\n\t\t\t\t\t<\/div>\n\t\t<\/div>\n\t\t\t\t\t<\/div>\n\t\t<\/section>\n\t\t<div class=\"elementor-element elementor-element-c97512a e-flex e-con-boxed e-con e-parent\" data-id=\"c97512a\" data-element_type=\"container\">\n\t\t\t\t\t<div class=\"e-con-inner\">\n\t\t<div class=\"elementor-element elementor-element-737eeb8 e-con-full e-flex e-con e-parent\" data-id=\"737eeb8\" data-element_type=\"container\" data-settings=\"{&quot;background_background&quot;:&quot;classic&quot;}\">\n\t\t\t\t<div class=\"elementor-element elementor-element-9668212 elementor-widget elementor-widget-heading\" data-id=\"9668212\" data-element_type=\"widget\" data-widget_type=\"heading.default\">\n\t\t\t\t<div class=\"elementor-widget-container\">\n\t\t\t\t\t<h5 class=\"elementor-heading-title elementor-size-default\"><a href=\"\/composite-sheds-canada\/mirages\/\"><b>Mirage:<\/b> <br>Stylish storage solutions.<\/a><\/h5>\t\t\t\t<\/div>\n\t\t\t\t<\/div>\n\t\t\t\t<div class=\"elementor-element elementor-element-180be9a elementor-widget elementor-widget-heading\" data-id=\"180be9a\" data-element_type=\"widget\" data-widget_type=\"heading.default\">\n\t\t\t\t<div class=\"elementor-widget-container\">\n\t\t\t\t\t<h4 class=\"elementor-heading-title elementor-size-default\">ABRI <b>FIBERWOOD<\/b><br>\n<\/h4>\t\t\t\t<\/div>\n\t\t\t\t<\/div>\n\t\t\t\t<div class=\"elementor-element elementor-element-f515483 elementor-widget elementor-widget-text-editor\" data-id=\"f515483\" data-element_type=\"widget\" data-widget_type=\"text-editor.default\">\n\t\t\t\t<div class=\"elementor-widget-container\">\n\t\t\t\t\t\t\t\t\t<p>FIBERWOOD est leader dans les abris en composite avec des designs innovants qui d\u00e9passent les attentes. Nos abris sont con\u00e7us pour r\u00e9sister au climat nord-am\u00e9ricain, n\u00e9cessitant peu d&rsquo;entretien et offrant une tranquillit\u00e9 d&rsquo;esprit.<\/p>\t\t\t\t\t\t\t\t<\/div>\n\t\t\t\t<\/div>\n\t\t\t\t<\/div>\n\t\t<div class=\"elementor-element elementor-element-33cb204 e-con-full elementor-hidden-mobile e-flex e-con e-parent\" data-id=\"33cb204\" data-element_type=\"container\" data-settings=\"{&quot;background_background&quot;:&quot;classic&quot;}\">\n\t\t\t\t<\/div>\n\t\t\t\t\t<\/div>\n\t\t\t\t<\/div>\n\t\t<div class=\"elementor-element elementor-element-a964ba8 e-flex e-con-boxed e-con e-parent\" data-id=\"a964ba8\" data-element_type=\"container\">\n\t\t\t\t\t<div class=\"e-con-inner\">\n\t\t\t\t<div class=\"elementor-element elementor-element-852973f elementor-widget elementor-widget-heading\" data-id=\"852973f\" data-element_type=\"widget\" data-widget_type=\"heading.default\">\n\t\t\t\t<div class=\"elementor-widget-container\">\n\t\t\t\t\t<h2 class=\"elementor-heading-title elementor-size-default\">MOD\u00c8LES<\/h2>\t\t\t\t<\/div>\n\t\t\t\t<\/div>\n\t\t<div class=\"elementor-element elementor-element-233f57c e-con-full e-flex e-con e-parent\" data-id=\"233f57c\" data-element_type=\"container\">\n\t\t<div class=\"elementor-element elementor-element-8734989 e-con-full e-flex e-con e-parent\" data-id=\"8734989\" data-element_type=\"container\">\n\t\t\t\t<div class=\"elementor-element elementor-element-9bf1ceb elementor-widget elementor-widget-image\" data-id=\"9bf1ceb\" data-element_type=\"widget\" data-widget_type=\"image.default\">\n\t\t\t\t<div class=\"elementor-widget-container\">\n\t\t\t\t\t\t\t\t\t\t\t\t\t\t\t\t<a href=\"\/fr\/cabanons-en-composite\/mirages\/\">\n\t\t\t\t\t\t\t<img decoding=\"async\" width=\"750\" height=\"624\" src=\"https:\/\/javdistribution.ca\/wp-content\/uploads\/2024\/04\/shutterstock_200092388.jpg\" class=\"attachment-large size-large wp-image-11403\" alt=\"\" srcset=\"https:\/\/javdistribution.ca\/wp-content\/uploads\/2024\/04\/shutterstock_200092388.jpg 750w, https:\/\/javdistribution.ca\/wp-content\/uploads\/2024\/04\/shutterstock_200092388-600x499.jpg 600w, https:\/\/javdistribution.ca\/wp-content\/uploads\/2024\/04\/shutterstock_200092388-300x250.jpg 300w\" sizes=\"(max-width: 750px) 100vw, 750px\" \/>\t\t\t\t\t\t\t\t<\/a>\n\t\t\t\t\t\t\t\t\t\t\t\t\t\t\t<\/div>\n\t\t\t\t<\/div>\n\t\t<div class=\"elementor-element elementor-element-e70e798 e-con-full e-flex e-con e-parent\" data-id=\"e70e798\" data-element_type=\"container\">\n\t\t\t\t<div class=\"elementor-element elementor-element-8bb3b36 elementor-widget elementor-widget-heading\" data-id=\"8bb3b36\" data-element_type=\"widget\" data-widget_type=\"heading.default\">\n\t\t\t\t<div class=\"elementor-widget-container\">\n\t\t\t\t\t<h5 class=\"elementor-heading-title elementor-size-default\"><a href=\"\/fr\/cabanons-en-composite\/mirages\/\"><b>Mirage:<\/b> <br> Solutions de rangement \u00e9l\u00e9gantes.<\/a><\/h5>\t\t\t\t<\/div>\n\t\t\t\t<\/div>\n\t\t\t\t<\/div>\n\t\t\t\t<div class=\"elementor-element elementor-element-432e144 elementor-align-center elementor-widget elementor-widget-button\" data-id=\"432e144\" data-element_type=\"widget\" data-widget_type=\"button.default\">\n\t\t\t\t<div class=\"elementor-widget-container\">\n\t\t\t\t\t\t\t\t\t<div class=\"elementor-button-wrapper\">\n\t\t\t\t\t<a class=\"elementor-button elementor-button-link elementor-size-sm\" href=\"\/fr\/cabanons-en-composite\/mirages\/\">\n\t\t\t\t\t\t<span class=\"elementor-button-content-wrapper\">\n\t\t\t\t\t\t\t\t\t<span class=\"elementor-button-text\">Cliquez ici<\/span>\n\t\t\t\t\t<\/span>\n\t\t\t\t\t<\/a>\n\t\t\t\t<\/div>\n\t\t\t\t\t\t\t\t<\/div>\n\t\t\t\t<\/div>\n\t\t\t\t<\/div>\n\t\t<div class=\"elementor-element elementor-element-44e5bb9 e-con-full e-flex e-con e-parent\" data-id=\"44e5bb9\" data-element_type=\"container\">\n\t\t\t\t<div class=\"elementor-element elementor-element-fff052b elementor-widget elementor-widget-image\" data-id=\"fff052b\" data-element_type=\"widget\" data-widget_type=\"image.default\">\n\t\t\t\t<div class=\"elementor-widget-container\">\n\t\t\t\t\t\t\t\t\t\t\t\t\t\t\t\t<a href=\"\/fr\/cabanons-en-composite\/mistrals\/\">\n\t\t\t\t\t\t\t<img decoding=\"async\" width=\"750\" height=\"624\" src=\"https:\/\/javdistribution.ca\/wp-content\/uploads\/2024\/04\/shutterstd88.jpg\" class=\"attachment-large size-large wp-image-11404\" alt=\"\" srcset=\"https:\/\/javdistribution.ca\/wp-content\/uploads\/2024\/04\/shutterstd88.jpg 750w, https:\/\/javdistribution.ca\/wp-content\/uploads\/2024\/04\/shutterstd88-600x499.jpg 600w, https:\/\/javdistribution.ca\/wp-content\/uploads\/2024\/04\/shutterstd88-300x250.jpg 300w\" sizes=\"(max-width: 750px) 100vw, 750px\" \/>\t\t\t\t\t\t\t\t<\/a>\n\t\t\t\t\t\t\t\t\t\t\t\t\t\t\t<\/div>\n\t\t\t\t<\/div>\n\t\t<div class=\"elementor-element elementor-element-bb9f180 e-con-full e-flex e-con e-parent\" data-id=\"bb9f180\" data-element_type=\"container\">\n\t\t\t\t<div class=\"elementor-element elementor-element-b83e97f elementor-widget elementor-widget-heading\" data-id=\"b83e97f\" data-element_type=\"widget\" data-widget_type=\"heading.default\">\n\t\t\t\t<div class=\"elementor-widget-container\">\n\t\t\t\t\t<h5 class=\"elementor-heading-title elementor-size-default\"><a href=\"\/fr\/cabanons-en-composite\/mistrals\/\"><b>Mistral:<\/b><br> Polyvalent pour divers usages.<\/a><\/h5>\t\t\t\t<\/div>\n\t\t\t\t<\/div>\n\t\t\t\t<\/div>\n\t\t\t\t<div class=\"elementor-element elementor-element-74848ee elementor-align-center elementor-widget elementor-widget-button\" data-id=\"74848ee\" data-element_type=\"widget\" data-widget_type=\"button.default\">\n\t\t\t\t<div class=\"elementor-widget-container\">\n\t\t\t\t\t\t\t\t\t<div class=\"elementor-button-wrapper\">\n\t\t\t\t\t<a class=\"elementor-button elementor-button-link elementor-size-sm\" href=\"\/fr\/cabanons-en-composite\/mistrals\/\">\n\t\t\t\t\t\t<span class=\"elementor-button-content-wrapper\">\n\t\t\t\t\t\t\t\t\t<span class=\"elementor-button-text\">Cliquez ici<\/span>\n\t\t\t\t\t<\/span>\n\t\t\t\t\t<\/a>\n\t\t\t\t<\/div>\n\t\t\t\t\t\t\t\t<\/div>\n\t\t\t\t<\/div>\n\t\t\t\t<\/div>\n\t\t<div class=\"elementor-element elementor-element-19663dc e-con-full e-flex e-con e-parent\" data-id=\"19663dc\" data-element_type=\"container\">\n\t\t\t\t<div class=\"elementor-element elementor-element-a18f426 elementor-widget elementor-widget-image\" data-id=\"a18f426\" data-element_type=\"widget\" data-widget_type=\"image.default\">\n\t\t\t\t<div class=\"elementor-widget-container\">\n\t\t\t\t\t\t\t\t\t\t\t\t\t\t\t\t<a href=\"\/fr\/cabanons-en-composite\/les-scandinaves\/\">\n\t\t\t\t\t\t\t<img loading=\"lazy\" decoding=\"async\" width=\"750\" height=\"624\" src=\"https:\/\/javdistribution.ca\/wp-content\/uploads\/2024\/04\/shutterstocsss2388.jpg\" class=\"attachment-large size-large wp-image-11405\" alt=\"\" srcset=\"https:\/\/javdistribution.ca\/wp-content\/uploads\/2024\/04\/shutterstocsss2388.jpg 750w, https:\/\/javdistribution.ca\/wp-content\/uploads\/2024\/04\/shutterstocsss2388-600x499.jpg 600w, https:\/\/javdistribution.ca\/wp-content\/uploads\/2024\/04\/shutterstocsss2388-300x250.jpg 300w\" sizes=\"(max-width: 750px) 100vw, 750px\" \/>\t\t\t\t\t\t\t\t<\/a>\n\t\t\t\t\t\t\t\t\t\t\t\t\t\t\t<\/div>\n\t\t\t\t<\/div>\n\t\t<div class=\"elementor-element elementor-element-93a2cc5 e-con-full e-flex e-con e-parent\" data-id=\"93a2cc5\" data-element_type=\"container\">\n\t\t\t\t<div class=\"elementor-element elementor-element-c21e53e elementor-widget elementor-widget-heading\" data-id=\"c21e53e\" data-element_type=\"widget\" data-widget_type=\"heading.default\">\n\t\t\t\t<div class=\"elementor-widget-container\">\n\t\t\t\t\t<h5 class=\"elementor-heading-title elementor-size-default\"><a href=\"\/fr\/cabanons-en-composite\/les-scandinaves\/\"><b>Scandinave: <\/b><br>Design robuste et \u00e9l\u00e9gant.<\/a><\/h5>\t\t\t\t<\/div>\n\t\t\t\t<\/div>\n\t\t\t\t<\/div>\n\t\t\t\t<div class=\"elementor-element elementor-element-6346c06 elementor-align-center elementor-widget elementor-widget-button\" data-id=\"6346c06\" data-element_type=\"widget\" data-widget_type=\"button.default\">\n\t\t\t\t<div class=\"elementor-widget-container\">\n\t\t\t\t\t\t\t\t\t<div class=\"elementor-button-wrapper\">\n\t\t\t\t\t<a class=\"elementor-button elementor-button-link elementor-size-sm\" href=\"\/fr\/cabanons-en-composite\/les-scandinaves\/\">\n\t\t\t\t\t\t<span class=\"elementor-button-content-wrapper\">\n\t\t\t\t\t\t\t\t\t<span class=\"elementor-button-text\">Cliquez ici<\/span>\n\t\t\t\t\t<\/span>\n\t\t\t\t\t<\/a>\n\t\t\t\t<\/div>\n\t\t\t\t\t\t\t\t<\/div>\n\t\t\t\t<\/div>\n\t\t\t\t<\/div>\n\t\t\t\t<\/div>\n\t\t\t\t\t<\/div>\n\t\t\t\t<\/div>\n\t\t<div class=\"elementor-element elementor-element-e407247 e-flex e-con-boxed e-con e-parent\" data-id=\"e407247\" data-element_type=\"container\">\n\t\t\t\t\t<div class=\"e-con-inner\">\n\t\t\t\t<div class=\"elementor-element elementor-element-6ff11dc elementor-widget elementor-widget-heading\" data-id=\"6ff11dc\" data-element_type=\"widget\" data-widget_type=\"heading.default\">\n\t\t\t\t<div class=\"elementor-widget-container\">\n\t\t\t\t\t<h2 class=\"elementor-heading-title elementor-size-default\">Avantages<\/h2>\t\t\t\t<\/div>\n\t\t\t\t<\/div>\n\t\t\t\t<div class=\"elementor-element elementor-element-76e067f elementor-hidden-tablet elementor-hidden-mobile elementor-widget elementor-widget-heading\" data-id=\"76e067f\" data-element_type=\"widget\" data-widget_type=\"heading.default\">\n\t\t\t\t<div class=\"elementor-widget-container\">\n\t\t\t\t\t<h6 class=\"elementor-heading-title elementor-size-default\">\u00c9TANT DES PROFESSIONNELS DANS LE DOMAINE DU COMPOSITE, NOUS AVONS PRIS TOUS LES AVANTAGES DE LA FABRICATION DE NOS PLANCHES ET NOUS AVONS CR\u00c9\u00c9 DE SUPERS CABANONS<\/h6>\t\t\t\t<\/div>\n\t\t\t\t<\/div>\n\t\t<div class=\"elementor-element elementor-element-4d6bc13 e-con-full e-flex e-con e-parent\" data-id=\"4d6bc13\" data-element_type=\"container\">\n\t\t<div class=\"elementor-element elementor-element-f203ad5 e-con-full e-flex e-con e-parent\" data-id=\"f203ad5\" data-element_type=\"container\">\n\t\t<div class=\"elementor-element elementor-element-012e817 e-con-full e-flex e-con e-parent\" data-id=\"012e817\" data-element_type=\"container\">\n\t\t\t\t<div class=\"elementor-element elementor-element-bbe3a98 elementor-widget elementor-widget-image\" data-id=\"bbe3a98\" data-element_type=\"widget\" data-widget_type=\"image.default\">\n\t\t\t\t<div class=\"elementor-widget-container\">\n\t\t\t\t\t\t\t\t\t\t\t\t\t\t\t<img loading=\"lazy\" decoding=\"async\" width=\"65\" height=\"75\" src=\"https:\/\/javdistribution.ca\/wp-content\/uploads\/2024\/04\/icon1.png\" class=\"attachment-thumbnail size-thumbnail wp-image-31660\" alt=\"\" \/>\t\t\t\t\t\t\t\t\t\t\t\t\t\t\t<\/div>\n\t\t\t\t<\/div>\n\t\t\t\t<div class=\"elementor-element elementor-element-01a297d elementor-widget elementor-widget-heading\" data-id=\"01a297d\" data-element_type=\"widget\" data-widget_type=\"heading.default\">\n\t\t\t\t<div class=\"elementor-widget-container\">\n\t\t\t\t\t<p class=\"elementor-heading-title elementor-size-default\">Entretien minimal, r\u00e9sistant aux insectes et \u00e0 la pourriture.<\/p>\t\t\t\t<\/div>\n\t\t\t\t<\/div>\n\t\t\t\t<\/div>\n\t\t<div class=\"elementor-element elementor-element-83d4d28 e-con-full e-flex e-con e-parent\" data-id=\"83d4d28\" data-element_type=\"container\">\n\t\t\t\t<div class=\"elementor-element elementor-element-8f6bf93 elementor-widget elementor-widget-image\" data-id=\"8f6bf93\" data-element_type=\"widget\" data-widget_type=\"image.default\">\n\t\t\t\t<div class=\"elementor-widget-container\">\n\t\t\t\t\t\t\t\t\t\t\t\t\t\t\t<img loading=\"lazy\" decoding=\"async\" width=\"58\" height=\"75\" src=\"https:\/\/javdistribution.ca\/wp-content\/uploads\/2024\/04\/icon3.png\" class=\"attachment-thumbnail size-thumbnail wp-image-31651\" alt=\"\" \/>\t\t\t\t\t\t\t\t\t\t\t\t\t\t\t<\/div>\n\t\t\t\t<\/div>\n\t\t\t\t<div class=\"elementor-element elementor-element-c896d45 elementor-widget elementor-widget-heading\" data-id=\"c896d45\" data-element_type=\"widget\" data-widget_type=\"heading.default\">\n\t\t\t\t<div class=\"elementor-widget-container\">\n\t\t\t\t\t<p class=\"elementor-heading-title elementor-size-default\"> <b>Rev\u00eatement 100% PROSHIELD PREMIUM\u00ae <\/b> pour une protection ultime.<\/p>\t\t\t\t<\/div>\n\t\t\t\t<\/div>\n\t\t\t\t<\/div>\n\t\t\t\t<\/div>\n\t\t<div class=\"elementor-element elementor-element-1a0b8b8 e-con-full e-flex e-con e-parent\" data-id=\"1a0b8b8\" data-element_type=\"container\">\n\t\t<div class=\"elementor-element elementor-element-2160750 e-con-full e-flex e-con e-parent\" data-id=\"2160750\" data-element_type=\"container\">\n\t\t\t\t<div class=\"elementor-element elementor-element-4893494 elementor-widget elementor-widget-image\" data-id=\"4893494\" data-element_type=\"widget\" data-widget_type=\"image.default\">\n\t\t\t\t<div class=\"elementor-widget-container\">\n\t\t\t\t\t\t\t\t\t\t\t\t\t\t\t<img loading=\"lazy\" decoding=\"async\" width=\"75\" height=\"75\" src=\"https:\/\/javdistribution.ca\/wp-content\/uploads\/2024\/04\/icon7.png\" class=\"attachment-thumbnail size-thumbnail wp-image-31655\" alt=\"\" \/>\t\t\t\t\t\t\t\t\t\t\t\t\t\t\t<\/div>\n\t\t\t\t<\/div>\n\t\t\t\t<div class=\"elementor-element elementor-element-a789c31 elementor-widget elementor-widget-heading\" data-id=\"a789c31\" data-element_type=\"widget\" data-widget_type=\"heading.default\">\n\t\t\t\t<div class=\"elementor-widget-container\">\n\t\t\t\t\t<p class=\"elementor-heading-title elementor-size-default\"> <b>Garantie de 10 ans<\/b> sur les planches 3D FIBER et les structures.<\/p>\t\t\t\t<\/div>\n\t\t\t\t<\/div>\n\t\t\t\t<\/div>\n\t\t<div class=\"elementor-element elementor-element-0c26034 e-con-full e-flex e-con e-parent\" data-id=\"0c26034\" data-element_type=\"container\">\n\t\t\t\t<div class=\"elementor-element elementor-element-ec7ec1d elementor-widget elementor-widget-image\" data-id=\"ec7ec1d\" data-element_type=\"widget\" data-widget_type=\"image.default\">\n\t\t\t\t<div class=\"elementor-widget-container\">\n\t\t\t\t\t\t\t\t\t\t\t\t\t\t\t<img loading=\"lazy\" decoding=\"async\" width=\"75\" height=\"75\" src=\"https:\/\/javdistribution.ca\/wp-content\/uploads\/2024\/04\/icon5.png\" class=\"attachment-thumbnail size-thumbnail wp-image-31657\" alt=\"\" \/>\t\t\t\t\t\t\t\t\t\t\t\t\t\t\t<\/div>\n\t\t\t\t<\/div>\n\t\t\t\t<div class=\"elementor-element elementor-element-81e9f7e elementor-widget elementor-widget-heading\" data-id=\"81e9f7e\" data-element_type=\"widget\" data-widget_type=\"heading.default\">\n\t\t\t\t<div class=\"elementor-widget-container\">\n\t\t\t\t\t<p class=\"elementor-heading-title elementor-size-default\">Prix comp\u00e9titifs et haute qualit\u00e9.<\/p>\t\t\t\t<\/div>\n\t\t\t\t<\/div>\n\t\t\t\t<\/div>\n\t\t\t\t<\/div>\n\t\t\t\t<\/div>\n\t\t\t\t\t<\/div>\n\t\t\t\t<\/div>\n\t\t<div class=\"elementor-element elementor-element-0fd13b6 e-flex e-con-boxed e-con e-parent\" data-id=\"0fd13b6\" data-element_type=\"container\">\n\t\t\t\t\t<div class=\"e-con-inner\">\n\t\t\t\t<div class=\"elementor-element elementor-element-e2b0dc5 elementor-widget elementor-widget-text-editor\" data-id=\"e2b0dc5\" data-element_type=\"widget\" data-widget_type=\"text-editor.default\">\n\t\t\t\t<div class=\"elementor-widget-container\">\n\t\t\t\t\t\t\t\t\t<p>Pour plus de d\u00e9tails, visitez <span style=\"text-decoration: underline;\"><a href=\"https:\/\/javdistribution.ca\/composite-sheds-canada\/\" target=\"_blank\" rel=\"noopener noreferrer\" data-saferedirecturl=\"https:\/\/www.google.com\/url?q=https:\/\/javdistribution.ca\/composite-sheds-canada\/&amp;source=gmail&amp;ust=1716457193852000&amp;usg=AOvVaw24LOPhRCwkqWZaDP8F5xDO\">Jav Distribution<\/a>.<\/span><\/p>\t\t\t\t\t\t\t\t<\/div>\n\t\t\t\t<\/div>\n\t\t\t\t<div class=\"elementor-element elementor-element-d314ce4 elementor-widget elementor-widget-spacer\" data-id=\"d314ce4\" data-element_type=\"widget\" data-widget_type=\"spacer.default\">\n\t\t\t\t<div class=\"elementor-widget-container\">\n\t\t\t\t\t\t\t<div class=\"elementor-spacer\">\n\t\t\t<div class=\"elementor-spacer-inner\"><\/div>\n\t\t<\/div>\n\t\t\t\t\t\t<\/div>\n\t\t\t\t<\/div>\n\t\t\t\t\t<\/div>\n\t\t\t\t<\/div>\n\t\t\t\t<\/div>\n\t\t","protected":false},"excerpt":{"rendered":"<p>Mirage: Stylish storage solutions. ABRI FIBERWOOD FIBERWOOD est leader dans les abris en composite avec des designs innovants qui d\u00e9passent les attentes. Nos abris sont con\u00e7us pour r\u00e9sister au climat nord-am\u00e9ricain, n\u00e9cessitant peu d&rsquo;entretien et offrant une tranquillit\u00e9 d&rsquo;esprit. MOD\u00c8LES Mirage: Solutions de rangement \u00e9l\u00e9gantes. Cliquez ici Mistral: Polyvalent pour divers usages. Cliquez ici Scandinave: [&hellip;]<\/p>\n","protected":false},"author":1,"featured_media":0,"parent":0,"menu_order":0,"comment_status":"closed","ping_status":"closed","template":"page-full-width.php","meta":{"_acf_changed":false,"om_disable_all_campaigns":false,"_monsterinsights_skip_tracking":false,"_monsterinsights_sitenote_active":false,"_monsterinsights_sitenote_note":"","_monsterinsights_sitenote_category":0,"footnotes":""},"class_list":["post-11597","page","type-page","status-publish","hentry"],"acf":[],"aioseo_notices":[],"_links":{"self":[{"href":"https:\/\/javdistribution.ca\/fr\/wp-json\/wp\/v2\/pages\/11597","targetHints":{"allow":["GET"]}}],"collection":[{"href":"https:\/\/javdistribution.ca\/fr\/wp-json\/wp\/v2\/pages"}],"about":[{"href":"https:\/\/javdistribution.ca\/fr\/wp-json\/wp\/v2\/types\/page"}],"author":[{"embeddable":true,"href":"https:\/\/javdistribution.ca\/fr\/wp-json\/wp\/v2\/users\/1"}],"replies":[{"embeddable":true,"href":"https:\/\/javdistribution.ca\/fr\/wp-json\/wp\/v2\/comments?post=11597"}],"version-history":[{"count":22,"href":"https:\/\/javdistribution.ca\/fr\/wp-json\/wp\/v2\/pages\/11597\/revisions"}],"predecessor-version":[{"id":12226,"href":"https:\/\/javdistribution.ca\/fr\/wp-json\/wp\/v2\/pages\/11597\/revisions\/12226"}],"wp:attachment":[{"href":"https:\/\/javdistribution.ca\/fr\/wp-json\/wp\/v2\/media?parent=11597"}],"curies":[{"name":"wp","href":"https:\/\/api.w.org\/{rel}","templated":true}]}}