{"id":10688,"date":"2023-11-17T09:17:14","date_gmt":"2023-11-17T09:17:14","guid":{"rendered":"https:\/\/javsolutions.websolutions.pp.ua\/?page_id=10688"},"modified":"2024-05-21T14:16:32","modified_gmt":"2024-05-21T14:16:32","slug":"termes-et-conditions","status":"publish","type":"page","link":"https:\/\/javdistribution.ca\/fr\/termes-et-conditions\/","title":{"rendered":"Conditions d\u2019utilisation"},"content":{"rendered":"<h1 class=\"wp-block-heading\"><strong>Conditions d\u2019utilisation<\/strong><\/h1><div style=\"height:30px\" aria-hidden=\"true\" class=\"wp-block-spacer\"><\/div><p>Les pr\u00e9sentes conditions d&rsquo;utilisation s\u2019appliquent au pr\u00e9sent&nbsp; site Web et \u00e0 son contenu, poss\u00e9d\u00e9 et exploit\u00e9 par HAUTES PERFORMANCES REPR\u00c9SENTATIONS INC (ci-apr\u00e8s&nbsp; \u00ab&nbsp;Jav Distributio<strong>n<\/strong>\u00bb). La pr\u00e9sente constitue une convention entre vous et Jav Distribution.<\/p><p>Jav Distribution poss\u00e8de et exploite un site Web \u00e0 l\u2019adresse <a href=\"https:\/\/javdistribution.ca\/fr\" title=\"www.javdistribution.ca\"><span style=\"text-decoration: underline;\">www.javdistribution.ca<\/span><\/a>&nbsp;(le \u00ab&nbsp;Site&nbsp;\u00bb).&nbsp;<\/p><p>Le Site<strong> <\/strong>est de nature informative seulement et il n\u2019est offert qu\u2019\u00e0 des fins utilitaires.<\/p><p>\u00c0 chaque fois que vous utilisez le Site, vous signifiez votre acceptation sans limitation ou r\u00e9serve d\u2019\u00eatre li\u00e9 par la pr\u00e9sente convention en votre nom.<\/p><p>Les conditions d\u2019utilisation suivantes, ainsi que tous les documents et\/ou conditions suppl\u00e9mentaires qu&rsquo;ils incorporent express\u00e9ment par r\u00e9f\u00e9rence (collectivement, les \u00ab&nbsp;<strong>conditions d\u2019utilisation&nbsp;<\/strong>\u00bb), r\u00e9gissent votre acc\u00e8s et votre utilisation au Site<\/p><p>Le Site ne peut \u00eatre utilis\u00e9s que par des personnes qui sont majeures et qui peuvent l\u00e9galement conclurent des contrats ex\u00e9cutoires en vertu du droit applicable accessibles \u00e0 tous les utilisateurs (ci-apr\u00e8s le ou les \u00ab&nbsp;<strong>utilisateur(s)&nbsp;<\/strong>\u00bb). En utilisant ou en explorant le Site, vous acceptez de vous conformer aux pr\u00e9sentes conditions d\u2019utilisation.<\/p><p>Le Jav Distribution<strong> <\/strong>se r\u00e9serve le droit de modifier les conditions d\u2019utilisation et de retirer, modifier ou mettre \u00e0 jour une partie ou la totalit\u00e9 du contenu du<em> <\/em>Site<em> <\/em>\u00e0 sa seule discr\u00e9tion et sans pr\u00e9avis.<\/p><h4 class=\"wp-block-heading\"><strong>S\u00e9curit\u00e9 et confidentialit\u00e9<\/strong><\/h4><p>Les pr\u00e9sentes conditions d\u2019utilisation doivent \u00eatre lues de pair avec la&nbsp;Politique de protection des renseignements personnels de Jav Distribution. accessible&nbsp; sur le Site.<\/p><p>En acceptant la pr\u00e9sente convention et chaque fois que vous utilisez le Site, vous consentez \u00e0 la collecte, \u00e0 l\u2019utilisation et \u00e0 la divulgation par Jav Distribution de vos renseignements personnels conform\u00e9ment \u00e0 la Politique de protection des renseignements personnels sous sa forme actuelle. Jav Distribution reconna\u00eet l\u2019importance de vos renseignements personnels conform\u00e9ment \u00e0 sa Politique de protection des renseignements personnels.&nbsp;&nbsp;<\/p><p>Jav Distribution reconna\u00eet l&rsquo;importance de la confidentialit\u00e9 et la sensibilit\u00e9 de vos renseignements personnels et prend les mesures raisonnables et propres \u00e0 assurer leur protection contre la perte accidentelle et l&rsquo;acc\u00e8s, l&rsquo;utilisation, la modification et la divulgation non autoris\u00e9s de ceux-ci.<\/p><p>Jav Distribution ne peut toutefois garantir la s\u00e9curit\u00e9 des renseignements personnels transmis via son Site et n\u2019est pas responsable du contournement des param\u00e8tres de confidentialit\u00e9 ou des mesures de s\u00e9curit\u00e9 contenues sur son Site. L\u2019utilisateur assume tout risque li\u00e9 \u00e0 l\u2019utilisation du Site, au t\u00e9l\u00e9chargement de documents ou d\u2019images provenant de ceux-ci ou \u00e0 l\u2019utilisation des hyperliens qui s\u2019y trouvent.<\/p><p>\u00c0 cet effet, votre utilisation du Site est conditionnelle \u00e0 ce que toutes les informations fournies soient correctes, \u00e0 jour et compl\u00e8tes. En transmettant vos informations d\u2019inscription ou en utilisant toute fonction interactive disponible sur le Site vous consentez \u00e0 toutes les mesures prises par. \u00e0 l&rsquo;\u00e9gard des informations ainsi transmises, telles que d\u00e9taill\u00e9es \u00e0 la&nbsp;<em>Politique de protection des renseignements personnels de Jav Distribution<\/em>.<\/p><p>Il vous est interdit de tenter de contourner et de violer la s\u00e9curit\u00e9 <em>du<\/em> Site, y compris, sans s&rsquo;y limiter&nbsp;: (a) acc\u00e9der \u00e0 du contenu et des donn\u00e9es qui ne vous sont pas destin\u00e9s; (b) tenter de violer ou violer les mesures de s\u00e9curit\u00e9 et\/ou d&rsquo;authentification qui ne sont pas autoris\u00e9es; (c) restreindre, perturber ou d\u00e9sactiver le service aux utilisateurs, h\u00f4tes, serveurs ou r\u00e9seaux; (d)&nbsp; perturber les services r\u00e9seau et autrement perturber la capacit\u00e9 du propri\u00e9taire <em>des sites<\/em> \u00e0 les surveiller; (e) utiliser un robot ou tout autre dispositif, processus ou moyen automatique pour acc\u00e9der au Site \u00e0 quelque fin que ce soit, y compris la surveillance ou la copie de tout \u00e9l\u00e9ment du Site; (g) l&rsquo;introduction de virus ou autre mat\u00e9riel malveillant ou technologiquement nuisible; (h) attaquer <em>le Site<\/em> via une attaque par d\u00e9ni de service ou toute autre forme d\u2019attaque; ou (i) tenter d&rsquo;interf\u00e9rer de toute autre mani\u00e8re que ce soit avec le bon fonctionnement du Site.<\/p><h4 class=\"wp-block-heading\"><strong>Fichiers t\u00e9moins<\/strong><\/h4><p>Jav Distribution utilise des fichiers t\u00e9moins sur le<em> <\/em>Site.&nbsp; (Un fichier t\u00e9moin est un petit fichier texte sauvegard\u00e9 sur le disque dur de l\u2019ordinateur de l\u2019utilisateur. Ce fichier est inoffensif et ne peut contenir de virus.)<\/p><ul class=\"wp-block-list\"><li>Pour analyser les visites sur le Site, Jav Distribution peut utiliser le <em>logiciel Google Analytics<\/em>. Ce dernier utilise les fichiers t\u00e9moins pour enregistrer certains comportements des utilisateurs, notamment le nombre de visites sur le Site, le chemin parcouru et la dur\u00e9e de la visite. En aucun cas le fichier t\u00e9moin ne permet d\u2019identifier l\u2019utilisateur.<\/li><\/ul><p>Les donn\u00e9es restent compl\u00e8tement anonymes et n&rsquo;ont pour but que d&rsquo;am\u00e9liorer le Site en fonction des besoins de ses utilisateurs.<\/p><h4 class=\"wp-block-heading\"><strong>Propri\u00e9t\u00e9 intellectuelle<\/strong><\/h4><p>Vous comprenez et acceptez que le Site<em> <\/em>et l&rsquo;ensemble de leur contenu, leurs caract\u00e9ristiques et leurs fonctionnalit\u00e9s appartiennent exclusivement \u00e0 Jav Distribution, \u00e0 ses conc\u00e9dants de licence ou \u00e0 d&rsquo;autres fournisseurs de ce mat\u00e9riel et sont prot\u00e9g\u00e9es sous toutes leurs formes par l\u2019ensemble des lois qu\u00e9b\u00e9coises, canadiennes et \u00e9trang\u00e8res relatives \u00e0 la propri\u00e9t\u00e9 intellectuelle, y compris la l\u00e9gislation applicable en mati\u00e8re de droits d&rsquo;auteur, les marques de commerce, les brevets ou tout autre droit de propri\u00e9t\u00e9.<\/p><p>Le nom de Jav Distribution, le symbole de Jav Distribution et tous les noms, logos, noms de produits et de services, conceptions, images et slogans diffus\u00e9s sur le Site sont des marques de commerce de Jav Distribution. L&rsquo;utilisation de telles marques de commerce, sauf autorisation expresse, constitue une contrefa\u00e7on ou une violation des droits du propri\u00e9taire et peut constituer une violation des lois f\u00e9d\u00e9rales ou autres et pourrait exposer le contrevenant \u00e0 des poursuites judiciaires.<\/p><p>Nul ne peut vendre ou modifier, \u00e0 des fins publiques ou commerciales, les textes, vid\u00e9os<em>,<\/em> images, ou autre contenu rendus disponibles sur le Site.<\/p><p>Les textes, vid\u00e9os, images ou autre contenu, exprim\u00e9s ou rendus disponibles sur le Site peuvent \u00e9galement \u00eatre utilis\u00e9s \u00e0 des fins strictement personnelles et \u00e9ducatives sous r\u00e9serve des conditions suivantes&nbsp;:<\/p><ul class=\"wp-block-list\"><li>votre ordinateur et votre navigateur peuvent temporairement stocker ou mettre en cache des copies des \u00e9l\u00e9ments consult\u00e9s;<\/li><li>un nombre raisonnable d&rsquo;exemplaires pour un usage personnel uniquement peut \u00eatre imprim\u00e9 en conservant tous les avis de propri\u00e9t\u00e9 intacts et visibles, qui ne peuvent \u00eatre utilis\u00e9s que pour un usage personnel, non commercial et licite et non pour une reproduction, une publication ou une distribution de quelque nature que ce soit sur quelque support que ce soit;<\/li><li>une seule copie utilisateur peut \u00eatre t\u00e9l\u00e9charg\u00e9e avec tous les avis de propri\u00e9t\u00e9 intacts, pour votre usage personnel et non commercial, \u00e0 condition que vous acceptiez d&rsquo;\u00eatre li\u00e9 par notre contrat de licence d&rsquo;utilisateur final pour de tels t\u00e9l\u00e9chargements.<\/li><\/ul><h4 class=\"wp-block-heading\"><strong>Surveillance du Site, suspension et r\u00e9siliation<\/strong><\/h4><p>Jav Distribution se r\u00e9serve le droit \u00e0 sa seule discr\u00e9tion et sans pr\u00e9avis, de\u00a0:<\/p><ul class=\"wp-block-list\"><li>prendre les recours appropri\u00e9s, y compris, sans s&rsquo;y limiter, le renvoi aux autorit\u00e9s charg\u00e9es de l&rsquo;application de la loi ou de la r\u00e9glementation, ou informer toute partie l\u00e9s\u00e9e de toute utilisation ill\u00e9gale ou non autoris\u00e9e du Sites ou de son contenu;<\/li><li>r\u00e9silier ou suspendre l\u2019acc\u00e8s \u00e0 tout ou partie du Sites pour quelque raison que ce soit, y compris, sans s&rsquo;y limiter, toute violation des pr\u00e9sentes conditions d\u2019utilisation.<\/li><\/ul><h4 class=\"wp-block-heading\"><strong>Restrictions g\u00e9ographiques<\/strong><\/h4><p>Le propri\u00e9taire des sites est bas\u00e9 dans la province du Qu\u00e9bec au Canada. Nous fournissons l\u2019acc\u00e8s au Site pour une utilisation uniquement par des personnes situ\u00e9es au Canada. <em>Ce <\/em>Site n\u2019est pas destin\u00e9 \u00e0 \u00eatre utilis\u00e9 dans une juridiction o\u00f9 son utilisation n&rsquo;est pas autoris\u00e9e. Si vous acc\u00e9dez au Site de l&rsquo;ext\u00e9rieur du Canada, vous le faites \u00e0 vos risques et p\u00e9rils et vous \u00eates responsable du respect des lois locales de votre juridiction.<\/p><h4 class=\"wp-block-heading\"><strong>Exclusion de garanties<\/strong><\/h4><p>LE CONTENU DU SITE INCLUANT LE CONTENU FOURNI PAR DES TIERS, Y COMPRIS PAR LES AUTRES UTILISATEURS OU LES TIERS D\u00c9TENTEURS DE LICENCES, QUI POURRAIT S\u2019Y TROUVER DE M\u00caME QUE LE CONTENU ACCESSIBLE GR\u00c2CE AUX HYPERLIENS SONT DIFFUS\u00c9S \u00c0 DES FINS STRICTEMENT INFORMATIVES.&nbsp;<\/p><p>LES TEXTES, RENSEIGNEMENTS ET INFORMATIONS DIFFUS\u00c9S OU RENDUS DISPONIBLES SUR LE SITE OU VIA LES HYPERLIENS SONT OFFERTS \u00ab&nbsp;TELS QUELS&nbsp;\u00bb EN DATE DE LA DERNI\u00c8RE MISE \u00c0 JOUR EFFECTU\u00c9E ET N\u2019ENGAGENT QUE LA RESPONSABILIT\u00c9 DE LEURS AUTEURS ET NON CELLE DE JAV DISTRIBUTION, LE CAS \u00c9CH\u00c9ANT.<\/p><p>MALGR\u00c9 LES EFFORTS QU\u2019ELLE D\u00c9PLOIE DANS LE D\u00c9VELOPPEMENT ET LA MISE \u00c0 JOUR DU SITE JAV DISTRIBUTION NE FOURNIT AUCUNE GARANTIE, EXPRESSE OU IMPLICITE, QUANT \u00c0 L\u2019EXACTITUDE, LA FIABILIT\u00c9, LA PR\u00c9CISION, L\u2019EXHAUSTIVIT\u00c9 OU LA VALIDIT\u00c9 DES TEXTES, RENSEIGNEMENTS ET INFORMATIONS DIFFUS\u00c9S OU RENDUS DISPONIBLES SUR LE SITE OU VIA LES HYPERLIENS. TOUTE ERREUR CONSTAT\u00c9E PEUT \u00caTRE ADRESS\u00c9E \u00c0 L\u2019ADMINISTRATEUR DU SITE.<\/p><p>LE JAV DISTRIBUTION NE FOURNIT AUCUNE GARANTIE, EXPRESSE OU IMPLICITE, QUANT \u00c0 LA V\u00c9RACIT\u00c9 DU CONTENU DES PUBLICIT\u00c9S DIFFUS\u00c9ES SUR LE SITE, LE CAS \u00c9CH\u00c9ANT, NI QUANT AU CONTENU FOURNI PAR DES TIERS, Y COMPRIS PAR LES AUTRES UTILISATEURS OU LES TIERS D\u00c9TENTEURS DE LICENCES, QUI POURRAIENT S\u2019Y TROUVER, DE M\u00caME QUE LE CONTENU ACCESSIBLE GR\u00c2CE AUX HYPERLIENS.<\/p><p>JAV DISTRIBUTION NE PEUT GARANTIR OU REPR\u00c9SENTER UN ACC\u00c8S SANS INTERRUPTION AU SITE ET NE PEUT \u00caTRE TENU RESPONSABLE D\u2019UN QUELCONQUE DOMMAGE R\u00c9SULTANT DIRECTEMENT OU INDIRECTEMENT DE L\u2019UTILISATION OU DE LA PERFORMANCE DU SITE, DE LEURS FONCTIONNALIT\u00c9S OU DE LEUR CONTENU.<\/p><p>JAV DISTRIBUTION NE PEUT GARANTIR OU REPR\u00c9SENTER QUE LES FICHIERS OU LES DONN\u00c9ES DISPONIBLES POUR LE T\u00c9L\u00c9CHARGEMENT \u00c0 PARTIR D&rsquo;INTERNET OU DE SON<em> <\/em>SITE SERA EXEMPT DE VIRUS OU AUTRE CODE DESTRUCTEUR. VOUS \u00caTES SEUL ET ENTI\u00c8REMENT RESPONSABLE DE VOTRE UTILISATION <em>DU<\/em> SITE ET DE VOTRE ORDINATEUR, INTERNET ET S\u00c9CURIT\u00c9 DES DONN\u00c9ES.VOUS NE POUVEZ DONC PAS TESTER OU COMPROMETTRE LA S\u00c9CURIT\u00c9 DU SITE OU TENTER D\u2019ENTRAVER SON FONCTIONNEMENT NORMAL, SES ACTIVIT\u00c9S ET SON UTILISATION. VOUS NE POUVEZ PAS T\u00c9L\u00c9VERSER, TRANSMETTRE OU DISTRIBUER DE VIRUS, DE VER OU LOGICIEL VISANT \u00c0 CAUSER DES DOMMAGES OU \u00c0 ALT\u00c9RER UN SYST\u00c8ME OU R\u00c9SEAU INFORMATIQUE.<\/p><h4 class=\"wp-block-heading\"><strong>Limitation de responsabilit\u00e9<\/strong><\/h4><p>DANS LA LIMITE PERMISE PAR LA LOI APPLICABLE, ET \u00c0 L&rsquo;EXCEPTION DE SA FAUTE GRAVE ET\/OU DE SA FAUTE INTENTIONNELLE,\u00a0 JAV DISTRIBUTION, SES DIRECTEURS, ENTIT\u00c9S AFFILI\u00c9ES, AGENTS, CONC\u00c9DANTS DE LICENCE, EMPLOY\u00c9S, FOURNISSEURS OU FOURNISSEURS DE SERVICES INTERNET, NE PEUVENT \u00caTRE TENUS RESPONSABLES D\u2019UN QUELCONQUE DOMMAGE R\u00c9SULTANT DIRECTEMENT OU INDIRECTEMENT DE VOTRE UTILISATION OU DE LA PERFORMANCE DU SITE, DE LEURS FONCTIONNALIT\u00c9S OU DE LEUR CONTENU. LE SITE EST FOURNI \u00ab\u00a0COMME TEL\u00a0\u00bb\u00a0 ET SELON SA DISPONIBILIT\u00c9.<\/p><p>JAV DISTRIBUTION NE PEUT \u00caTRE TENU RESPONSABLE DE TOUTE PERTE OU DOMMAGE CAUS\u00c9 EN RAISON D\u2019UNE INTERRUPTION DE SERVICE, D\u2019UN VIRUS OU DE TOUT AUTRE MAT\u00c9RIEL TECHNOLOGIQUEMENT NOCIF QUI POURRAIT INFECTER VOTRE \u00c9QUIPEMENT INFORMATIQUE, PROGRAMMES INFORMATIQUES, DONN\u00c9ES OU AUTRE MAT\u00c9RIEL VOUS APPARTENANT EN RAISON DE VOTRE UTILISATION DU SITE OU DE TOUT SERVICE OU \u00c9L\u00c9MENT TROUV\u00c9 OU OBTENU PAR LE SITE OU \u00c0 VOTRE T\u00c9L\u00c9CHARGEMENT DE MAT\u00c9RIEL PUBLI\u00c9 SUR CEUX-CI OU SUR TOUT SITE INTERNET LI\u00c9 \u00c0 CEUX-CI.<\/p><h4 class=\"wp-block-heading\"><strong>Indemnisation<\/strong><\/h4><p>Dans la mesure maximale permise par la loi applicable, vous acceptez de d\u00e9fendre, d&rsquo;indemniser et de d\u00e9gager de toute responsabilit\u00e9 Jav Distribution ainsi que ses directeurs, entit\u00e9s affili\u00e9es, agents, conc\u00e9dants de licence, employ\u00e9s, fournisseurs, ou fournisseurs de services internet contre toute r\u00e9clamation, responsabilit\u00e9, dommages, jugements, pertes, co\u00fbts, d\u00e9penses ou honoraires (y compris les honoraires d&rsquo;avocat raisonnables) d\u00e9coulant de ou li\u00e9s \u00e0 votre violation des pr\u00e9sentes conditions d\u2019utilisation ou \u00e0 votre utilisation du Site<em>.<\/em><\/p><h4 class=\"wp-block-heading\"><strong>Lois applicables et juridiction<\/strong><\/h4><p>Le Site et les pr\u00e9sentes conditions d\u2019utilisation sont r\u00e9gis et interpr\u00e9t\u00e9s conform\u00e9ment aux lois de la province du Qu\u00e9bec et les lois f\u00e9d\u00e9rales du Canada qui sont applicables. Tout litige d\u00e9coulant de l\u2019utilisation <em>du Site<\/em> ou de l\u2019interpr\u00e9tation ou de l\u2019application des conditions d\u2019utilisation sera soumis \u00e0 la juridiction exclusive des tribunaux de la province de Qu\u00e9bec et\/ou de la Cour f\u00e9d\u00e9rale du Canada devant le district judiciaire du si\u00e8ge social de Jav Distribution, \u00e0 savoir Montr\u00e9al.<\/p><p><strong>Contact&nbsp;: <\/strong><span style=\"text-decoration: underline;\"><a href=\"mailto:info@javdistribution.ca\">info@javdistribution.ca<\/a><\/span><\/p><p>Le Site est op\u00e9r\u00e9 par Jav Distribution. Toute infraction aux pr\u00e9sentes conditions d\u2019utilisation du Site ou utilisation abusive du Site, y compris un comportement calomnieux ou diffamatoire, doit \u00eatre signal\u00e9e \u00e0 l\u2019adresse suivante&nbsp;: <a href=\"mailto:info@javdistribution.ca\"><span style=\"text-decoration: underline;\">info@javdistribution.ca <\/span><\/a>ainsi que tout autre commentaire, demande d&rsquo;assistance technique ou communication concernant le Site&nbsp;<\/p><p>Date des Conditions d\u2019utilisation: 30 janvier 2024<\/p><div style=\"height:50px\" aria-hidden=\"true\" class=\"wp-block-spacer\"><\/div><div style=\"height:100px\" aria-hidden=\"true\" class=\"wp-block-spacer\"><\/div>","protected":false},"excerpt":{"rendered":"<p>Conditions d\u2019utilisation Les pr\u00e9sentes conditions d&rsquo;utilisation s\u2019appliquent au pr\u00e9sent&nbsp; site Web et \u00e0 son contenu, poss\u00e9d\u00e9 et exploit\u00e9 par HAUTES PERFORMANCES REPR\u00c9SENTATIONS INC (ci-apr\u00e8s&nbsp; \u00ab&nbsp;Jav Distribution\u00bb). La pr\u00e9sente constitue une convention entre vous et Jav Distribution. Jav Distribution poss\u00e8de et exploite un site Web \u00e0 l\u2019adresse www.javdistribution.ca&nbsp;(le \u00ab&nbsp;Site&nbsp;\u00bb).&nbsp; Le Site est de nature informative seulement [&hellip;]<\/p>\n","protected":false},"author":1,"featured_media":0,"parent":0,"menu_order":0,"comment_status":"closed","ping_status":"closed","template":"","meta":{"_acf_changed":false,"om_disable_all_campaigns":false,"_monsterinsights_skip_tracking":false,"_monsterinsights_sitenote_active":false,"_monsterinsights_sitenote_note":"","_monsterinsights_sitenote_category":0,"footnotes":""},"class_list":["post-10688","page","type-page","status-publish","hentry"],"acf":[],"aioseo_notices":[],"_links":{"self":[{"href":"https:\/\/javdistribution.ca\/fr\/wp-json\/wp\/v2\/pages\/10688","targetHints":{"allow":["GET"]}}],"collection":[{"href":"https:\/\/javdistribution.ca\/fr\/wp-json\/wp\/v2\/pages"}],"about":[{"href":"https:\/\/javdistribution.ca\/fr\/wp-json\/wp\/v2\/types\/page"}],"author":[{"embeddable":true,"href":"https:\/\/javdistribution.ca\/fr\/wp-json\/wp\/v2\/users\/1"}],"replies":[{"embeddable":true,"href":"https:\/\/javdistribution.ca\/fr\/wp-json\/wp\/v2\/comments?post=10688"}],"version-history":[{"count":10,"href":"https:\/\/javdistribution.ca\/fr\/wp-json\/wp\/v2\/pages\/10688\/revisions"}],"predecessor-version":[{"id":12165,"href":"https:\/\/javdistribution.ca\/fr\/wp-json\/wp\/v2\/pages\/10688\/revisions\/12165"}],"wp:attachment":[{"href":"https:\/\/javdistribution.ca\/fr\/wp-json\/wp\/v2\/media?parent=10688"}],"curies":[{"name":"wp","href":"https:\/\/api.w.org\/{rel}","templated":true}]}}